{"id":3609,"date":"2025-09-15T16:36:37","date_gmt":"2025-09-15T16:36:37","guid":{"rendered":"https:\/\/zoepnoebreathing.com\/?page_id=3609"},"modified":"2025-09-15T21:19:42","modified_gmt":"2025-09-15T21:19:42","slug":"retiro-pilion-o-rolos-ths-swsths-anapnohs","status":"publish","type":"page","link":"https:\/\/zoepnoebreathing.com\/es\/retreat-pilion-o-rolos-ths-swsths-anapnohs\/","title":{"rendered":"Retiro \"El papel de la respiraci\u00f3n correcta en la salud\" 04 - 07 octubre - Pelion"},"content":{"rendered":"<div data-elementor-type=\"wp-page\" data-elementor-id=\"3609\" class=\"elementor elementor-3609\" data-elementor-post-type=\"page\">\n\t\t\t\t<div class=\"elementor-element elementor-element-13df6c5 e-flex e-con-boxed e-con e-parent\" data-id=\"13df6c5\" data-element_type=\"container\" data-e-type=\"container\">\n\t\t\t\t\t<div class=\"e-con-inner\">\n\t\t\t\t<div class=\"elementor-element elementor-element-0a2345a elementor-widget elementor-widget-image\" data-id=\"0a2345a\" data-element_type=\"widget\" data-e-type=\"widget\" data-widget_type=\"image.default\">\n\t\t\t\t<div class=\"elementor-widget-container\">\n\t\t\t\t\t\t\t\t\t\t\t\t\t\t\t<img fetchpriority=\"high\" decoding=\"async\" width=\"1265\" height=\"711\" src=\"https:\/\/zoepnoebreathing.com\/wp-content\/uploads\/2025\/09\/1.png\" class=\"attachment-full size-full wp-image-3619\" alt=\"\" srcset=\"https:\/\/zoepnoebreathing.com\/wp-content\/uploads\/2025\/09\/1.png 1265w, https:\/\/zoepnoebreathing.com\/wp-content\/uploads\/2025\/09\/1-300x169.png 300w, https:\/\/zoepnoebreathing.com\/wp-content\/uploads\/2025\/09\/1-1024x576.png 1024w, https:\/\/zoepnoebreathing.com\/wp-content\/uploads\/2025\/09\/1-18x10.png 18w\" sizes=\"100vw\" \/>\t\t\t\t\t\t\t\t\t\t\t\t\t\t\t<\/div>\n\t\t\t\t<\/div>\n\t\t\t\t\t<\/div>\n\t\t\t\t<\/div>\n\t\t<div class=\"elementor-element elementor-element-d5adbf7 e-flex e-con-boxed e-con e-parent\" data-id=\"d5adbf7\" data-element_type=\"container\" data-e-type=\"container\">\n\t\t\t\t\t<div class=\"e-con-inner\">\n\t\t\t\t<div class=\"elementor-element elementor-element-430c776 elementor-widget elementor-widget-image\" data-id=\"430c776\" data-element_type=\"widget\" data-e-type=\"widget\" data-widget_type=\"image.default\">\n\t\t\t\t<div class=\"elementor-widget-container\">\n\t\t\t\t\t\t\t\t\t\t\t\t\t\t\t<img decoding=\"async\" width=\"1125\" height=\"724\" src=\"https:\/\/zoepnoebreathing.com\/wp-content\/uploads\/2025\/09\/2-1.png\" class=\"attachment-full size-full wp-image-3655\" alt=\"\" srcset=\"https:\/\/zoepnoebreathing.com\/wp-content\/uploads\/2025\/09\/2-1.png 1125w, https:\/\/zoepnoebreathing.com\/wp-content\/uploads\/2025\/09\/2-1-300x193.png 300w, https:\/\/zoepnoebreathing.com\/wp-content\/uploads\/2025\/09\/2-1-1024x659.png 1024w, https:\/\/zoepnoebreathing.com\/wp-content\/uploads\/2025\/09\/2-1-18x12.png 18w\" sizes=\"100vw\" \/>\t\t\t\t\t\t\t\t\t\t\t\t\t\t\t<\/div>\n\t\t\t\t<\/div>\n\t\t\t\t\t<\/div>\n\t\t\t\t<\/div>\n\t\t<div class=\"elementor-element elementor-element-131e154 e-flex e-con-boxed e-con e-parent\" data-id=\"131e154\" data-element_type=\"container\" data-e-type=\"container\">\n\t\t\t\t\t<div class=\"e-con-inner\">\n\t\t\t\t<div class=\"elementor-element elementor-element-c858998 elementor-widget elementor-widget-image\" data-id=\"c858998\" data-element_type=\"widget\" data-e-type=\"widget\" data-widget_type=\"image.default\">\n\t\t\t\t<div class=\"elementor-widget-container\">\n\t\t\t\t\t\t\t\t\t\t\t\t\t\t\t<img decoding=\"async\" width=\"950\" height=\"533\" src=\"https:\/\/zoepnoebreathing.com\/wp-content\/uploads\/2025\/09\/3-1024x574.png\" class=\"attachment-large size-large wp-image-3621\" alt=\"\" srcset=\"https:\/\/zoepnoebreathing.com\/wp-content\/uploads\/2025\/09\/3-1024x574.png 1024w, https:\/\/zoepnoebreathing.com\/wp-content\/uploads\/2025\/09\/3-300x168.png 300w, https:\/\/zoepnoebreathing.com\/wp-content\/uploads\/2025\/09\/3-18x10.png 18w, https:\/\/zoepnoebreathing.com\/wp-content\/uploads\/2025\/09\/3.png 1264w\" sizes=\"100vw\" \/>\t\t\t\t\t\t\t\t\t\t\t\t\t\t\t<\/div>\n\t\t\t\t<\/div>\n\t\t\t\t\t<\/div>\n\t\t\t\t<\/div>\n\t\t<div class=\"elementor-element elementor-element-f96a99a e-flex e-con-boxed e-con e-parent\" data-id=\"f96a99a\" data-element_type=\"container\" data-e-type=\"container\">\n\t\t\t\t\t<div class=\"e-con-inner\">\n\t\t\t\t<div class=\"elementor-element elementor-element-16dfbeb elementor-widget elementor-widget-image\" data-id=\"16dfbeb\" data-element_type=\"widget\" data-e-type=\"widget\" data-widget_type=\"image.default\">\n\t\t\t\t<div class=\"elementor-widget-container\">\n\t\t\t\t\t\t\t\t\t\t\t\t\t\t\t<img loading=\"lazy\" decoding=\"async\" width=\"950\" height=\"563\" src=\"https:\/\/zoepnoebreathing.com\/wp-content\/uploads\/2025\/09\/4-1024x607.png\" class=\"attachment-large size-large wp-image-3622\" alt=\"\" srcset=\"https:\/\/zoepnoebreathing.com\/wp-content\/uploads\/2025\/09\/4-1024x607.png 1024w, https:\/\/zoepnoebreathing.com\/wp-content\/uploads\/2025\/09\/4-300x178.png 300w, https:\/\/zoepnoebreathing.com\/wp-content\/uploads\/2025\/09\/4-18x12.png 18w, https:\/\/zoepnoebreathing.com\/wp-content\/uploads\/2025\/09\/4.png 1266w\" sizes=\"100vw\" \/>\t\t\t\t\t\t\t\t\t\t\t\t\t\t\t<\/div>\n\t\t\t\t<\/div>\n\t\t\t\t\t<\/div>\n\t\t\t\t<\/div>\n\t\t<div class=\"elementor-element elementor-element-689cee2 e-flex e-con-boxed e-con e-parent\" data-id=\"689cee2\" data-element_type=\"container\" data-e-type=\"container\">\n\t\t\t\t\t<div class=\"e-con-inner\">\n\t\t\t\t<div class=\"elementor-element elementor-element-711b48e elementor-widget elementor-widget-image\" data-id=\"711b48e\" data-element_type=\"widget\" data-e-type=\"widget\" data-widget_type=\"image.default\">\n\t\t\t\t<div class=\"elementor-widget-container\">\n\t\t\t\t\t\t\t\t\t\t\t\t\t\t\t<img loading=\"lazy\" decoding=\"async\" width=\"950\" height=\"579\" src=\"https:\/\/zoepnoebreathing.com\/wp-content\/uploads\/2025\/09\/5-1024x624.png\" class=\"attachment-large size-large wp-image-3623\" alt=\"\" srcset=\"https:\/\/zoepnoebreathing.com\/wp-content\/uploads\/2025\/09\/5-1024x624.png 1024w, https:\/\/zoepnoebreathing.com\/wp-content\/uploads\/2025\/09\/5-300x183.png 300w, https:\/\/zoepnoebreathing.com\/wp-content\/uploads\/2025\/09\/5-18x12.png 18w, https:\/\/zoepnoebreathing.com\/wp-content\/uploads\/2025\/09\/5.png 1266w\" sizes=\"100vw\" \/>\t\t\t\t\t\t\t\t\t\t\t\t\t\t\t<\/div>\n\t\t\t\t<\/div>\n\t\t\t\t\t<\/div>\n\t\t\t\t<\/div>\n\t\t<div class=\"elementor-element elementor-element-9912b0f e-flex e-con-boxed e-con e-parent\" data-id=\"9912b0f\" data-element_type=\"container\" data-e-type=\"container\">\n\t\t\t\t\t<div class=\"e-con-inner\">\n\t\t\t\t<div class=\"elementor-element elementor-element-a03b2bc elementor-widget elementor-widget-image\" data-id=\"a03b2bc\" data-element_type=\"widget\" data-e-type=\"widget\" data-widget_type=\"image.default\">\n\t\t\t\t<div class=\"elementor-widget-container\">\n\t\t\t\t\t\t\t\t\t\t\t\t\t\t\t<img loading=\"lazy\" decoding=\"async\" width=\"950\" height=\"519\" src=\"https:\/\/zoepnoebreathing.com\/wp-content\/uploads\/2025\/09\/6-1024x559.png\" class=\"attachment-large size-large wp-image-3624\" alt=\"\" srcset=\"https:\/\/zoepnoebreathing.com\/wp-content\/uploads\/2025\/09\/6-1024x559.png 1024w, https:\/\/zoepnoebreathing.com\/wp-content\/uploads\/2025\/09\/6-300x164.png 300w, https:\/\/zoepnoebreathing.com\/wp-content\/uploads\/2025\/09\/6-18x10.png 18w, https:\/\/zoepnoebreathing.com\/wp-content\/uploads\/2025\/09\/6.png 1267w\" sizes=\"100vw\" \/>\t\t\t\t\t\t\t\t\t\t\t\t\t\t\t<\/div>\n\t\t\t\t<\/div>\n\t\t\t\t\t<\/div>\n\t\t\t\t<\/div>\n\t\t<div class=\"elementor-element elementor-element-3f2deaf e-flex e-con-boxed e-con e-parent\" data-id=\"3f2deaf\" data-element_type=\"container\" data-e-type=\"container\">\n\t\t\t\t\t<div class=\"e-con-inner\">\n\t\t\t\t<div class=\"elementor-element elementor-element-780082a elementor-widget elementor-widget-image\" data-id=\"780082a\" data-element_type=\"widget\" data-e-type=\"widget\" data-widget_type=\"image.default\">\n\t\t\t\t<div class=\"elementor-widget-container\">\n\t\t\t\t\t\t\t\t\t\t\t\t\t\t\t<img loading=\"lazy\" decoding=\"async\" width=\"950\" height=\"615\" src=\"https:\/\/zoepnoebreathing.com\/wp-content\/uploads\/2025\/09\/7-1024x663.png\" class=\"attachment-large size-large wp-image-3625\" alt=\"\" srcset=\"https:\/\/zoepnoebreathing.com\/wp-content\/uploads\/2025\/09\/7-1024x663.png 1024w, https:\/\/zoepnoebreathing.com\/wp-content\/uploads\/2025\/09\/7-300x194.png 300w, https:\/\/zoepnoebreathing.com\/wp-content\/uploads\/2025\/09\/7-18x12.png 18w, https:\/\/zoepnoebreathing.com\/wp-content\/uploads\/2025\/09\/7.png 1265w\" sizes=\"100vw\" \/>\t\t\t\t\t\t\t\t\t\t\t\t\t\t\t<\/div>\n\t\t\t\t<\/div>\n\t\t\t\t\t<\/div>\n\t\t\t\t<\/div>\n\t\t<div class=\"elementor-element elementor-element-14f694e e-flex e-con-boxed e-con e-parent\" data-id=\"14f694e\" data-element_type=\"container\" data-e-type=\"container\">\n\t\t\t\t\t<div class=\"e-con-inner\">\n\t\t\t\t<div class=\"elementor-element elementor-element-0e82026 elementor-widget elementor-widget-image\" data-id=\"0e82026\" data-element_type=\"widget\" data-e-type=\"widget\" data-widget_type=\"image.default\">\n\t\t\t\t<div class=\"elementor-widget-container\">\n\t\t\t\t\t\t\t\t\t\t\t\t\t\t\t<img loading=\"lazy\" decoding=\"async\" width=\"950\" height=\"508\" src=\"https:\/\/zoepnoebreathing.com\/wp-content\/uploads\/2025\/09\/8-1024x548.png\" class=\"attachment-large size-large wp-image-3626\" alt=\"\" srcset=\"https:\/\/zoepnoebreathing.com\/wp-content\/uploads\/2025\/09\/8-1024x548.png 1024w, https:\/\/zoepnoebreathing.com\/wp-content\/uploads\/2025\/09\/8-300x160.png 300w, https:\/\/zoepnoebreathing.com\/wp-content\/uploads\/2025\/09\/8-18x10.png 18w, https:\/\/zoepnoebreathing.com\/wp-content\/uploads\/2025\/09\/8.png 1264w\" sizes=\"100vw\" \/>\t\t\t\t\t\t\t\t\t\t\t\t\t\t\t<\/div>\n\t\t\t\t<\/div>\n\t\t\t\t\t<\/div>\n\t\t\t\t<\/div>\n\t\t<div class=\"elementor-element elementor-element-7984b72 e-flex e-con-boxed e-con e-parent\" data-id=\"7984b72\" data-element_type=\"container\" data-e-type=\"container\">\n\t\t\t\t\t<div class=\"e-con-inner\">\n\t\t\t\t<div class=\"elementor-element elementor-element-09aad1e elementor-widget elementor-widget-image\" data-id=\"09aad1e\" data-element_type=\"widget\" data-e-type=\"widget\" data-widget_type=\"image.default\">\n\t\t\t\t<div class=\"elementor-widget-container\">\n\t\t\t\t\t\t\t\t\t\t\t\t\t\t\t<img loading=\"lazy\" decoding=\"async\" width=\"950\" height=\"459\" src=\"https:\/\/zoepnoebreathing.com\/wp-content\/uploads\/2025\/09\/9-1-1024x495.png\" class=\"attachment-large size-large wp-image-3656\" alt=\"\" srcset=\"https:\/\/zoepnoebreathing.com\/wp-content\/uploads\/2025\/09\/9-1-1024x495.png 1024w, https:\/\/zoepnoebreathing.com\/wp-content\/uploads\/2025\/09\/9-1-300x145.png 300w, https:\/\/zoepnoebreathing.com\/wp-content\/uploads\/2025\/09\/9-1-18x9.png 18w, https:\/\/zoepnoebreathing.com\/wp-content\/uploads\/2025\/09\/9-1.png 1122w\" sizes=\"100vw\" \/>\t\t\t\t\t\t\t\t\t\t\t\t\t\t\t<\/div>\n\t\t\t\t<\/div>\n\t\t\t\t\t<\/div>\n\t\t\t\t<\/div>\n\t\t<div class=\"elementor-element elementor-element-099da9c e-flex e-con-boxed e-con e-parent\" data-id=\"099da9c\" data-element_type=\"container\" data-e-type=\"container\">\n\t\t\t\t\t<div class=\"e-con-inner\">\n\t\t\t\t<div class=\"elementor-element elementor-element-ecbf6d8 elementor-widget elementor-widget-image\" data-id=\"ecbf6d8\" data-element_type=\"widget\" data-e-type=\"widget\" data-widget_type=\"image.default\">\n\t\t\t\t<div class=\"elementor-widget-container\">\n\t\t\t\t\t\t\t\t\t\t\t\t\t\t\t<img loading=\"lazy\" decoding=\"async\" width=\"950\" height=\"534\" src=\"https:\/\/zoepnoebreathing.com\/wp-content\/uploads\/2025\/09\/10-1024x576.png\" class=\"attachment-large size-large wp-image-3628\" alt=\"\" srcset=\"https:\/\/zoepnoebreathing.com\/wp-content\/uploads\/2025\/09\/10-1024x576.png 1024w, https:\/\/zoepnoebreathing.com\/wp-content\/uploads\/2025\/09\/10-300x169.png 300w, https:\/\/zoepnoebreathing.com\/wp-content\/uploads\/2025\/09\/10-18x10.png 18w, https:\/\/zoepnoebreathing.com\/wp-content\/uploads\/2025\/09\/10.png 1266w\" sizes=\"100vw\" \/>\t\t\t\t\t\t\t\t\t\t\t\t\t\t\t<\/div>\n\t\t\t\t<\/div>\n\t\t\t\t\t<\/div>\n\t\t\t\t<\/div>\n\t\t<div class=\"elementor-element elementor-element-f9671fb e-flex e-con-boxed e-con e-parent\" data-id=\"f9671fb\" data-element_type=\"container\" data-e-type=\"container\">\n\t\t\t\t\t<div class=\"e-con-inner\">\n\t\t\t\t<div class=\"elementor-element elementor-element-a048817 elementor-align-center elementor-widget elementor-widget-button\" data-id=\"a048817\" data-element_type=\"widget\" data-e-type=\"widget\" data-widget_type=\"button.default\">\n\t\t\t\t<div class=\"elementor-widget-container\">\n\t\t\t\t\t\t\t\t\t<div class=\"elementor-button-wrapper\">\n\t\t\t\t\t<a class=\"elementor-button elementor-button-link elementor-size-sm\" href=\"https:\/\/zoepnoebreathing.com\/es\/pongase-en-contacto-con\/\" target=\"_blank\">\n\t\t\t\t\t\t<span class=\"elementor-button-content-wrapper\">\n\t\t\t\t\t\t\t\t\t<span class=\"elementor-button-text\">\u00a1\u00a1\u00a1Estoy interesado en participar !!!<\/span>\n\t\t\t\t\t<\/span>\n\t\t\t\t\t<\/a>\n\t\t\t\t<\/div>\n\t\t\t\t\t\t\t\t<\/div>\n\t\t\t\t<\/div>\n\t\t\t\t\t<\/div>\n\t\t\t\t<\/div>\n\t\t\t\t<\/div>","protected":false},"excerpt":{"rendered":"<p>\u00a1\u00a1\u00a1Estoy interesado en participar !!!<\/p>","protected":false},"author":3,"featured_media":0,"parent":0,"menu_order":0,"comment_status":"closed","ping_status":"closed","template":"","meta":{"footnotes":""},"class_list":["post-3609","page","type-page","status-publish","hentry"],"yoast_head":"<!-- This site is optimized with the Yoast SEO plugin v27.3 - https:\/\/yoast.com\/product\/yoast-seo-wordpress\/ -->\n<title>Retreat &quot;\u039f \u03c1\u03cc\u03bb\u03bf\u03c2 \u03c4\u03b7\u03c2 \u03a3\u03c9\u03c3\u03c4\u03ae\u03c2 \u0391\u03bd\u03b1\u03c0\u03bd\u03bf\u03ae\u03c2 \u03c3\u03c4\u03b7\u03bd \u03a5\u03b3\u03b5\u03af\u03b1&quot; 04 - 07 \u039f\u03ba\u03c4\u03c9\u03b2\u03c1\u03af\u03bf\u03c5 - \u03a0\u03ae\u03bb\u03b9\u03bf - Zoepnoe<\/title>\n<meta name=\"robots\" content=\"index, follow, max-snippet:-1, max-image-preview:large, max-video-preview:-1\" \/>\n<link rel=\"canonical\" href=\"https:\/\/zoepnoebreathing.com\/es\/retiro-pilion-o-rolos-ths-swsths-anapnohs\/\" \/>\n<meta property=\"og:locale\" content=\"es_ES\" \/>\n<meta property=\"og:type\" content=\"article\" \/>\n<meta property=\"og:title\" content=\"Retreat &quot;\u039f \u03c1\u03cc\u03bb\u03bf\u03c2 \u03c4\u03b7\u03c2 \u03a3\u03c9\u03c3\u03c4\u03ae\u03c2 \u0391\u03bd\u03b1\u03c0\u03bd\u03bf\u03ae\u03c2 \u03c3\u03c4\u03b7\u03bd \u03a5\u03b3\u03b5\u03af\u03b1&quot; 04 - 07 \u039f\u03ba\u03c4\u03c9\u03b2\u03c1\u03af\u03bf\u03c5 - \u03a0\u03ae\u03bb\u03b9\u03bf - Zoepnoe\" \/>\n<meta property=\"og:description\" content=\"\u0395\u03bd\u03b4\u03b9\u03b1\u03c6\u03ad\u03c1\u03bf\u03bc\u03b1\u03b9 \u03bd\u03b1 \u03c3\u03c5\u03bc\u03bc\u03b5\u03c4\u03ac\u03c3\u03c7\u03c9 !!\" \/>\n<meta property=\"og:url\" content=\"https:\/\/zoepnoebreathing.com\/es\/retiro-pilion-o-rolos-ths-swsths-anapnohs\/\" \/>\n<meta property=\"og:site_name\" content=\"Zoepnoe\" \/>\n<meta property=\"article:modified_time\" content=\"2025-09-15T21:19:42+00:00\" \/>\n<meta property=\"og:image\" content=\"https:\/\/zoepnoebreathing.com\/wp-content\/uploads\/2025\/09\/1.png\" \/>\n<meta name=\"twitter:card\" content=\"summary_large_image\" \/>\n<meta name=\"twitter:label1\" content=\"Tiempo de lectura\" \/>\n\t<meta name=\"twitter:data1\" content=\"2 minutos\" \/>\n<script type=\"application\/ld+json\" class=\"yoast-schema-graph\">{\"@context\":\"https:\\\/\\\/schema.org\",\"@graph\":[{\"@type\":\"WebPage\",\"@id\":\"https:\\\/\\\/zoepnoebreathing.com\\\/es\\\/retreat-pilion-o-rolos-ths-swsths-anapnohs\\\/\",\"url\":\"https:\\\/\\\/zoepnoebreathing.com\\\/es\\\/retreat-pilion-o-rolos-ths-swsths-anapnohs\\\/\",\"name\":\"Retreat \\\"\u039f \u03c1\u03cc\u03bb\u03bf\u03c2 \u03c4\u03b7\u03c2 \u03a3\u03c9\u03c3\u03c4\u03ae\u03c2 \u0391\u03bd\u03b1\u03c0\u03bd\u03bf\u03ae\u03c2 \u03c3\u03c4\u03b7\u03bd \u03a5\u03b3\u03b5\u03af\u03b1\\\" 04 - 07 \u039f\u03ba\u03c4\u03c9\u03b2\u03c1\u03af\u03bf\u03c5 - \u03a0\u03ae\u03bb\u03b9\u03bf - Zoepnoe\",\"isPartOf\":{\"@id\":\"https:\\\/\\\/zoepnoebreathing.com\\\/es\\\/#website\"},\"primaryImageOfPage\":{\"@id\":\"https:\\\/\\\/zoepnoebreathing.com\\\/es\\\/retreat-pilion-o-rolos-ths-swsths-anapnohs\\\/#primaryimage\"},\"image\":{\"@id\":\"https:\\\/\\\/zoepnoebreathing.com\\\/es\\\/retreat-pilion-o-rolos-ths-swsths-anapnohs\\\/#primaryimage\"},\"thumbnailUrl\":\"https:\\\/\\\/zoepnoebreathing.com\\\/wp-content\\\/uploads\\\/2025\\\/09\\\/1.png\",\"datePublished\":\"2025-09-15T16:36:37+00:00\",\"dateModified\":\"2025-09-15T21:19:42+00:00\",\"breadcrumb\":{\"@id\":\"https:\\\/\\\/zoepnoebreathing.com\\\/es\\\/retreat-pilion-o-rolos-ths-swsths-anapnohs\\\/#breadcrumb\"},\"inLanguage\":\"es\",\"potentialAction\":[{\"@type\":\"ReadAction\",\"target\":[\"https:\\\/\\\/zoepnoebreathing.com\\\/es\\\/retreat-pilion-o-rolos-ths-swsths-anapnohs\\\/\"]}]},{\"@type\":\"ImageObject\",\"inLanguage\":\"es\",\"@id\":\"https:\\\/\\\/zoepnoebreathing.com\\\/es\\\/retreat-pilion-o-rolos-ths-swsths-anapnohs\\\/#primaryimage\",\"url\":\"https:\\\/\\\/zoepnoebreathing.com\\\/wp-content\\\/uploads\\\/2025\\\/09\\\/1.png\",\"contentUrl\":\"https:\\\/\\\/zoepnoebreathing.com\\\/wp-content\\\/uploads\\\/2025\\\/09\\\/1.png\"},{\"@type\":\"BreadcrumbList\",\"@id\":\"https:\\\/\\\/zoepnoebreathing.com\\\/es\\\/retreat-pilion-o-rolos-ths-swsths-anapnohs\\\/#breadcrumb\",\"itemListElement\":[{\"@type\":\"ListItem\",\"position\":1,\"name\":\"Home\",\"item\":\"https:\\\/\\\/zoepnoebreathing.com\\\/\"},{\"@type\":\"ListItem\",\"position\":2,\"name\":\"Retreat &#8220;\u039f \u03c1\u03cc\u03bb\u03bf\u03c2 \u03c4\u03b7\u03c2 \u03a3\u03c9\u03c3\u03c4\u03ae\u03c2 \u0391\u03bd\u03b1\u03c0\u03bd\u03bf\u03ae\u03c2 \u03c3\u03c4\u03b7\u03bd \u03a5\u03b3\u03b5\u03af\u03b1&#8221; 04 &#8211; 07 \u039f\u03ba\u03c4\u03c9\u03b2\u03c1\u03af\u03bf\u03c5 &#8211; \u03a0\u03ae\u03bb\u03b9\u03bf\"}]},{\"@type\":\"WebSite\",\"@id\":\"https:\\\/\\\/zoepnoebreathing.com\\\/es\\\/#website\",\"url\":\"https:\\\/\\\/zoepnoebreathing.com\\\/es\\\/\",\"name\":\"Zoe Pnoe Breathing\",\"description\":\"Learn the way of Buteyko breathing\",\"publisher\":{\"@id\":\"https:\\\/\\\/zoepnoebreathing.com\\\/es\\\/#organization\"},\"potentialAction\":[{\"@type\":\"SearchAction\",\"target\":{\"@type\":\"EntryPoint\",\"urlTemplate\":\"https:\\\/\\\/zoepnoebreathing.com\\\/es\\\/?s={search_term_string}\"},\"query-input\":{\"@type\":\"PropertyValueSpecification\",\"valueRequired\":true,\"valueName\":\"search_term_string\"}}],\"inLanguage\":\"es\"},{\"@type\":\"Organization\",\"@id\":\"https:\\\/\\\/zoepnoebreathing.com\\\/es\\\/#organization\",\"name\":\"Zoe pnoe breathing\",\"url\":\"https:\\\/\\\/zoepnoebreathing.com\\\/es\\\/\",\"logo\":{\"@type\":\"ImageObject\",\"inLanguage\":\"es\",\"@id\":\"https:\\\/\\\/zoepnoebreathing.com\\\/es\\\/#\\\/schema\\\/logo\\\/image\\\/\",\"url\":\"https:\\\/\\\/zoepnoebreathing.com\\\/wp-content\\\/uploads\\\/2023\\\/03\\\/pnoe-zoe_logo-end-_-1-color_transparent.png\",\"contentUrl\":\"https:\\\/\\\/zoepnoebreathing.com\\\/wp-content\\\/uploads\\\/2023\\\/03\\\/pnoe-zoe_logo-end-_-1-color_transparent.png\",\"width\":510,\"height\":435,\"caption\":\"Zoe pnoe breathing\"},\"image\":{\"@id\":\"https:\\\/\\\/zoepnoebreathing.com\\\/es\\\/#\\\/schema\\\/logo\\\/image\\\/\"}}]}<\/script>\n<!-- \/ Yoast SEO plugin. -->","yoast_head_json":{"title":"Retiro \"El papel de una respiraci\u00f3n correcta en la salud\" 04 - 07 octubre - Pelion - Zoepnoe","robots":{"index":"index","follow":"follow","max-snippet":"max-snippet:-1","max-image-preview":"max-image-preview:large","max-video-preview":"max-video-preview:-1"},"canonical":"https:\/\/zoepnoebreathing.com\/es\/retiro-pilion-o-rolos-ths-swsths-anapnohs\/","og_locale":"es_ES","og_type":"article","og_title":"Retreat \"\u039f \u03c1\u03cc\u03bb\u03bf\u03c2 \u03c4\u03b7\u03c2 \u03a3\u03c9\u03c3\u03c4\u03ae\u03c2 \u0391\u03bd\u03b1\u03c0\u03bd\u03bf\u03ae\u03c2 \u03c3\u03c4\u03b7\u03bd \u03a5\u03b3\u03b5\u03af\u03b1\" 04 - 07 \u039f\u03ba\u03c4\u03c9\u03b2\u03c1\u03af\u03bf\u03c5 - \u03a0\u03ae\u03bb\u03b9\u03bf - Zoepnoe","og_description":"\u0395\u03bd\u03b4\u03b9\u03b1\u03c6\u03ad\u03c1\u03bf\u03bc\u03b1\u03b9 \u03bd\u03b1 \u03c3\u03c5\u03bc\u03bc\u03b5\u03c4\u03ac\u03c3\u03c7\u03c9 !!","og_url":"https:\/\/zoepnoebreathing.com\/es\/retiro-pilion-o-rolos-ths-swsths-anapnohs\/","og_site_name":"Zoepnoe","article_modified_time":"2025-09-15T21:19:42+00:00","og_image":[{"url":"https:\/\/zoepnoebreathing.com\/wp-content\/uploads\/2025\/09\/1.png","type":"","width":"","height":""}],"twitter_card":"summary_large_image","twitter_misc":{"Tiempo de lectura":"2 minutos"},"schema":{"@context":"https:\/\/schema.org","@graph":[{"@type":"WebPage","@id":"https:\/\/zoepnoebreathing.com\/es\/retreat-pilion-o-rolos-ths-swsths-anapnohs\/","url":"https:\/\/zoepnoebreathing.com\/es\/retreat-pilion-o-rolos-ths-swsths-anapnohs\/","name":"Retiro \"El papel de una respiraci\u00f3n correcta en la salud\" 04 - 07 octubre - Pelion - Zoepnoe","isPartOf":{"@id":"https:\/\/zoepnoebreathing.com\/es\/#website"},"primaryImageOfPage":{"@id":"https:\/\/zoepnoebreathing.com\/es\/retreat-pilion-o-rolos-ths-swsths-anapnohs\/#primaryimage"},"image":{"@id":"https:\/\/zoepnoebreathing.com\/es\/retreat-pilion-o-rolos-ths-swsths-anapnohs\/#primaryimage"},"thumbnailUrl":"https:\/\/zoepnoebreathing.com\/wp-content\/uploads\/2025\/09\/1.png","datePublished":"2025-09-15T16:36:37+00:00","dateModified":"2025-09-15T21:19:42+00:00","breadcrumb":{"@id":"https:\/\/zoepnoebreathing.com\/es\/retreat-pilion-o-rolos-ths-swsths-anapnohs\/#breadcrumb"},"inLanguage":"es","potentialAction":[{"@type":"ReadAction","target":["https:\/\/zoepnoebreathing.com\/es\/retreat-pilion-o-rolos-ths-swsths-anapnohs\/"]}]},{"@type":"ImageObject","inLanguage":"es","@id":"https:\/\/zoepnoebreathing.com\/es\/retreat-pilion-o-rolos-ths-swsths-anapnohs\/#primaryimage","url":"https:\/\/zoepnoebreathing.com\/wp-content\/uploads\/2025\/09\/1.png","contentUrl":"https:\/\/zoepnoebreathing.com\/wp-content\/uploads\/2025\/09\/1.png"},{"@type":"BreadcrumbList","@id":"https:\/\/zoepnoebreathing.com\/es\/retreat-pilion-o-rolos-ths-swsths-anapnohs\/#breadcrumb","itemListElement":[{"@type":"ListItem","position":1,"name":"Home","item":"https:\/\/zoepnoebreathing.com\/"},{"@type":"ListItem","position":2,"name":"Retreat &#8220;\u039f \u03c1\u03cc\u03bb\u03bf\u03c2 \u03c4\u03b7\u03c2 \u03a3\u03c9\u03c3\u03c4\u03ae\u03c2 \u0391\u03bd\u03b1\u03c0\u03bd\u03bf\u03ae\u03c2 \u03c3\u03c4\u03b7\u03bd \u03a5\u03b3\u03b5\u03af\u03b1&#8221; 04 &#8211; 07 \u039f\u03ba\u03c4\u03c9\u03b2\u03c1\u03af\u03bf\u03c5 &#8211; \u03a0\u03ae\u03bb\u03b9\u03bf"}]},{"@type":"WebSite","@id":"https:\/\/zoepnoebreathing.com\/es\/#website","url":"https:\/\/zoepnoebreathing.com\/es\/","name":"Zoe Pnoe Respiraci\u00f3n","description":"Aprende el m\u00e9todo de respiraci\u00f3n Buteyko","publisher":{"@id":"https:\/\/zoepnoebreathing.com\/es\/#organization"},"potentialAction":[{"@type":"SearchAction","target":{"@type":"EntryPoint","urlTemplate":"https:\/\/zoepnoebreathing.com\/es\/?s={search_term_string}"},"query-input":{"@type":"PropertyValueSpecification","valueRequired":true,"valueName":"search_term_string"}}],"inLanguage":"es"},{"@type":"Organization","@id":"https:\/\/zoepnoebreathing.com\/es\/#organization","name":"Zoe pnoe respiraci\u00f3n","url":"https:\/\/zoepnoebreathing.com\/es\/","logo":{"@type":"ImageObject","inLanguage":"es","@id":"https:\/\/zoepnoebreathing.com\/es\/#\/schema\/logo\/image\/","url":"https:\/\/zoepnoebreathing.com\/wp-content\/uploads\/2023\/03\/pnoe-zoe_logo-end-_-1-color_transparent.png","contentUrl":"https:\/\/zoepnoebreathing.com\/wp-content\/uploads\/2023\/03\/pnoe-zoe_logo-end-_-1-color_transparent.png","width":510,"height":435,"caption":"Zoe pnoe breathing"},"image":{"@id":"https:\/\/zoepnoebreathing.com\/es\/#\/schema\/logo\/image\/"}}]}},"_links":{"self":[{"href":"https:\/\/zoepnoebreathing.com\/es\/wp-json\/wp\/v2\/pages\/3609","targetHints":{"allow":["GET"]}}],"collection":[{"href":"https:\/\/zoepnoebreathing.com\/es\/wp-json\/wp\/v2\/pages"}],"about":[{"href":"https:\/\/zoepnoebreathing.com\/es\/wp-json\/wp\/v2\/types\/page"}],"author":[{"embeddable":true,"href":"https:\/\/zoepnoebreathing.com\/es\/wp-json\/wp\/v2\/users\/3"}],"replies":[{"embeddable":true,"href":"https:\/\/zoepnoebreathing.com\/es\/wp-json\/wp\/v2\/comments?post=3609"}],"version-history":[{"count":32,"href":"https:\/\/zoepnoebreathing.com\/es\/wp-json\/wp\/v2\/pages\/3609\/revisions"}],"predecessor-version":[{"id":3662,"href":"https:\/\/zoepnoebreathing.com\/es\/wp-json\/wp\/v2\/pages\/3609\/revisions\/3662"}],"wp:attachment":[{"href":"https:\/\/zoepnoebreathing.com\/es\/wp-json\/wp\/v2\/media?parent=3609"}],"curies":[{"name":"wp","href":"https:\/\/api.w.org\/{rel}","templated":true}]}}