{"id":77,"date":"2023-03-14T09:13:58","date_gmt":"2023-03-14T09:13:58","guid":{"rendered":"http:\/\/mariasan.local\/?page_id=77"},"modified":"2024-03-05T11:03:43","modified_gmt":"2024-03-05T11:03:43","slug":"%ce%b7-%ce%b1%ce%bd%ce%b1%cf%80%ce%bd%ce%bf%ce%ae","status":"publish","type":"page","link":"https:\/\/zoepnoebreathing.com\/de\/%ce%b7-%ce%b1%ce%bd%ce%b1%cf%80%ce%bd%ce%bf%ce%ae\/","title":{"rendered":"Der Atem"},"content":{"rendered":"","protected":false},"excerpt":{"rendered":"","protected":false},"author":1,"featured_media":0,"parent":0,"menu_order":0,"comment_status":"closed","ping_status":"closed","template":"","meta":{"footnotes":""},"class_list":["post-77","page","type-page","status-publish","hentry"],"yoast_head":"<!-- This site is optimized with the Yoast SEO plugin v27.5 - https:\/\/yoast.com\/product\/yoast-seo-wordpress\/ -->\n<title>\u0397 \u0391\u03bd\u03b1\u03c0\u03bd\u03bf\u03ae - Zoepnoe<\/title>\n<meta name=\"description\" content=\"\u0397 \u03b1\u03bd\u03b1\u03c0\u03bd\u03bf\u03ae \u03c9\u03c2 \u03ba\u03c5\u03c1\u03af\u03c9\u03c2 \u03bc\u03b7\u03c7\u03b1\u03bd\u03b9\u03c3\u03bc\u03cc\u03c2 \u03b5\u03c0\u03b9\u03b2\u03af\u03c9\u03c3\u03b7\u03c2 \u03c0\u03b1\u03af\u03b6\u03b5\u03b9 \u03c3\u03b7\u03bc\u03b1\u03bd\u03c4\u03b9\u03ba\u03cc \u03c1\u03cc\u03bb\u03bf \u03c3\u03c4\u03b7\u03bd \u03b2\u03b9\u03bf\u03c7\u03b7\u03bc\u03b5\u03af\u03b1 \u03c4\u03bf\u03c5 \u03bf\u03c1\u03b3\u03b1\u03bd\u03b9\u03c3\u03bc\u03bf\u03cd \u03ba\u03b1\u03b9 \u03c3\u03c4\u03b7\u03bd \u03c5\u03b3\u03b5\u03af\u03b1 \u03c4\u03bf\u03c5 \u03b1\u03bd\u03b8\u03c1\u03ce\u03c0\u03bf\u03c5.\" \/>\n<meta name=\"robots\" content=\"index, follow, max-snippet:-1, max-image-preview:large, max-video-preview:-1\" \/>\n<link rel=\"canonical\" href=\"https:\/\/zoepnoebreathing.com\/de\/\u03b7-\u03b1\u03bd\u03b1\u03c0\u03bd\u03bf\u03ae\/\" \/>\n<meta property=\"og:locale\" content=\"de_DE\" \/>\n<meta property=\"og:type\" content=\"article\" \/>\n<meta property=\"og:title\" content=\"\u0397 \u0391\u03bd\u03b1\u03c0\u03bd\u03bf\u03ae - Zoepnoe\" \/>\n<meta property=\"og:description\" content=\"\u0397 \u03b1\u03bd\u03b1\u03c0\u03bd\u03bf\u03ae \u03c9\u03c2 \u03ba\u03c5\u03c1\u03af\u03c9\u03c2 \u03bc\u03b7\u03c7\u03b1\u03bd\u03b9\u03c3\u03bc\u03cc\u03c2 \u03b5\u03c0\u03b9\u03b2\u03af\u03c9\u03c3\u03b7\u03c2 \u03c0\u03b1\u03af\u03b6\u03b5\u03b9 \u03c3\u03b7\u03bc\u03b1\u03bd\u03c4\u03b9\u03ba\u03cc \u03c1\u03cc\u03bb\u03bf \u03c3\u03c4\u03b7\u03bd \u03b2\u03b9\u03bf\u03c7\u03b7\u03bc\u03b5\u03af\u03b1 \u03c4\u03bf\u03c5 \u03bf\u03c1\u03b3\u03b1\u03bd\u03b9\u03c3\u03bc\u03bf\u03cd \u03ba\u03b1\u03b9 \u03c3\u03c4\u03b7\u03bd \u03c5\u03b3\u03b5\u03af\u03b1 \u03c4\u03bf\u03c5 \u03b1\u03bd\u03b8\u03c1\u03ce\u03c0\u03bf\u03c5.\" \/>\n<meta property=\"og:url\" content=\"https:\/\/zoepnoebreathing.com\/de\/\u03b7-\u03b1\u03bd\u03b1\u03c0\u03bd\u03bf\u03ae\/\" \/>\n<meta property=\"og:site_name\" content=\"Zoepnoe\" \/>\n<meta property=\"article:modified_time\" content=\"2024-03-05T11:03:43+00:00\" \/>\n<meta property=\"og:image\" content=\"https:\/\/zoepnoebreathing.com\/wp-content\/uploads\/2024\/01\/site-image.jpg\" \/>\n\t<meta property=\"og:image:width\" content=\"1200\" \/>\n\t<meta property=\"og:image:height\" content=\"675\" \/>\n\t<meta property=\"og:image:type\" content=\"image\/jpeg\" \/>\n<meta name=\"twitter:card\" content=\"summary_large_image\" \/>\n<script type=\"application\/ld+json\" class=\"yoast-schema-graph\">{\"@context\":\"https:\\\/\\\/schema.org\",\"@graph\":[{\"@type\":\"WebPage\",\"@id\":\"https:\\\/\\\/zoepnoebreathing.com\\\/%ce%b7-%ce%b1%ce%bd%ce%b1%cf%80%ce%bd%ce%bf%ce%ae\\\/\",\"url\":\"https:\\\/\\\/zoepnoebreathing.com\\\/%ce%b7-%ce%b1%ce%bd%ce%b1%cf%80%ce%bd%ce%bf%ce%ae\\\/\",\"name\":\"\u0397 \u0391\u03bd\u03b1\u03c0\u03bd\u03bf\u03ae - Zoepnoe\",\"isPartOf\":{\"@id\":\"https:\\\/\\\/zoepnoebreathing.com\\\/de\\\/#website\"},\"datePublished\":\"2023-03-14T09:13:58+00:00\",\"dateModified\":\"2024-03-05T11:03:43+00:00\",\"description\":\"\u0397 \u03b1\u03bd\u03b1\u03c0\u03bd\u03bf\u03ae \u03c9\u03c2 \u03ba\u03c5\u03c1\u03af\u03c9\u03c2 \u03bc\u03b7\u03c7\u03b1\u03bd\u03b9\u03c3\u03bc\u03cc\u03c2 \u03b5\u03c0\u03b9\u03b2\u03af\u03c9\u03c3\u03b7\u03c2 \u03c0\u03b1\u03af\u03b6\u03b5\u03b9 \u03c3\u03b7\u03bc\u03b1\u03bd\u03c4\u03b9\u03ba\u03cc \u03c1\u03cc\u03bb\u03bf \u03c3\u03c4\u03b7\u03bd \u03b2\u03b9\u03bf\u03c7\u03b7\u03bc\u03b5\u03af\u03b1 \u03c4\u03bf\u03c5 \u03bf\u03c1\u03b3\u03b1\u03bd\u03b9\u03c3\u03bc\u03bf\u03cd \u03ba\u03b1\u03b9 \u03c3\u03c4\u03b7\u03bd \u03c5\u03b3\u03b5\u03af\u03b1 \u03c4\u03bf\u03c5 \u03b1\u03bd\u03b8\u03c1\u03ce\u03c0\u03bf\u03c5.\",\"breadcrumb\":{\"@id\":\"https:\\\/\\\/zoepnoebreathing.com\\\/%ce%b7-%ce%b1%ce%bd%ce%b1%cf%80%ce%bd%ce%bf%ce%ae\\\/#breadcrumb\"},\"inLanguage\":\"de-DE\",\"potentialAction\":[{\"@type\":\"ReadAction\",\"target\":[\"https:\\\/\\\/zoepnoebreathing.com\\\/%ce%b7-%ce%b1%ce%bd%ce%b1%cf%80%ce%bd%ce%bf%ce%ae\\\/\"]}]},{\"@type\":\"BreadcrumbList\",\"@id\":\"https:\\\/\\\/zoepnoebreathing.com\\\/%ce%b7-%ce%b1%ce%bd%ce%b1%cf%80%ce%bd%ce%bf%ce%ae\\\/#breadcrumb\",\"itemListElement\":[{\"@type\":\"ListItem\",\"position\":1,\"name\":\"Home\",\"item\":\"https:\\\/\\\/zoepnoebreathing.com\\\/\"},{\"@type\":\"ListItem\",\"position\":2,\"name\":\"\u0397 \u0391\u03bd\u03b1\u03c0\u03bd\u03bf\u03ae\"}]},{\"@type\":\"WebSite\",\"@id\":\"https:\\\/\\\/zoepnoebreathing.com\\\/de\\\/#website\",\"url\":\"https:\\\/\\\/zoepnoebreathing.com\\\/de\\\/\",\"name\":\"Zoe Pnoe Breathing\",\"description\":\"Learn the way of Buteyko breathing\",\"publisher\":{\"@id\":\"https:\\\/\\\/zoepnoebreathing.com\\\/de\\\/#organization\"},\"potentialAction\":[{\"@type\":\"SearchAction\",\"target\":{\"@type\":\"EntryPoint\",\"urlTemplate\":\"https:\\\/\\\/zoepnoebreathing.com\\\/de\\\/?s={search_term_string}\"},\"query-input\":{\"@type\":\"PropertyValueSpecification\",\"valueRequired\":true,\"valueName\":\"search_term_string\"}}],\"inLanguage\":\"de-DE\"},{\"@type\":\"Organization\",\"@id\":\"https:\\\/\\\/zoepnoebreathing.com\\\/de\\\/#organization\",\"name\":\"Zoe pnoe breathing\",\"url\":\"https:\\\/\\\/zoepnoebreathing.com\\\/de\\\/\",\"logo\":{\"@type\":\"ImageObject\",\"inLanguage\":\"de-DE\",\"@id\":\"https:\\\/\\\/zoepnoebreathing.com\\\/de\\\/#\\\/schema\\\/logo\\\/image\\\/\",\"url\":\"https:\\\/\\\/zoepnoebreathing.com\\\/wp-content\\\/uploads\\\/2023\\\/03\\\/pnoe-zoe_logo-end-_-1-color_transparent.png\",\"contentUrl\":\"https:\\\/\\\/zoepnoebreathing.com\\\/wp-content\\\/uploads\\\/2023\\\/03\\\/pnoe-zoe_logo-end-_-1-color_transparent.png\",\"width\":510,\"height\":435,\"caption\":\"Zoe pnoe breathing\"},\"image\":{\"@id\":\"https:\\\/\\\/zoepnoebreathing.com\\\/de\\\/#\\\/schema\\\/logo\\\/image\\\/\"}}]}<\/script>\n<!-- \/ Yoast SEO plugin. -->","yoast_head_json":{"title":"Der Atem - Zoepnoe","description":"Die Atmung als wichtigster \u00dcberlebensmechanismus spielt eine wichtige Rolle f\u00fcr die Biochemie des Organismus und f\u00fcr die menschliche Gesundheit.","robots":{"index":"index","follow":"follow","max-snippet":"max-snippet:-1","max-image-preview":"max-image-preview:large","max-video-preview":"max-video-preview:-1"},"canonical":"https:\/\/zoepnoebreathing.com\/de\/\u03b7-\u03b1\u03bd\u03b1\u03c0\u03bd\u03bf\u03ae\/","og_locale":"de_DE","og_type":"article","og_title":"\u0397 \u0391\u03bd\u03b1\u03c0\u03bd\u03bf\u03ae - Zoepnoe","og_description":"\u0397 \u03b1\u03bd\u03b1\u03c0\u03bd\u03bf\u03ae \u03c9\u03c2 \u03ba\u03c5\u03c1\u03af\u03c9\u03c2 \u03bc\u03b7\u03c7\u03b1\u03bd\u03b9\u03c3\u03bc\u03cc\u03c2 \u03b5\u03c0\u03b9\u03b2\u03af\u03c9\u03c3\u03b7\u03c2 \u03c0\u03b1\u03af\u03b6\u03b5\u03b9 \u03c3\u03b7\u03bc\u03b1\u03bd\u03c4\u03b9\u03ba\u03cc \u03c1\u03cc\u03bb\u03bf \u03c3\u03c4\u03b7\u03bd \u03b2\u03b9\u03bf\u03c7\u03b7\u03bc\u03b5\u03af\u03b1 \u03c4\u03bf\u03c5 \u03bf\u03c1\u03b3\u03b1\u03bd\u03b9\u03c3\u03bc\u03bf\u03cd \u03ba\u03b1\u03b9 \u03c3\u03c4\u03b7\u03bd \u03c5\u03b3\u03b5\u03af\u03b1 \u03c4\u03bf\u03c5 \u03b1\u03bd\u03b8\u03c1\u03ce\u03c0\u03bf\u03c5.","og_url":"https:\/\/zoepnoebreathing.com\/de\/\u03b7-\u03b1\u03bd\u03b1\u03c0\u03bd\u03bf\u03ae\/","og_site_name":"Zoepnoe","article_modified_time":"2024-03-05T11:03:43+00:00","og_image":[{"width":1200,"height":675,"url":"https:\/\/zoepnoebreathing.com\/wp-content\/uploads\/2024\/01\/site-image.jpg","type":"image\/jpeg"}],"twitter_card":"summary_large_image","schema":{"@context":"https:\/\/schema.org","@graph":[{"@type":"WebPage","@id":"https:\/\/zoepnoebreathing.com\/%ce%b7-%ce%b1%ce%bd%ce%b1%cf%80%ce%bd%ce%bf%ce%ae\/","url":"https:\/\/zoepnoebreathing.com\/%ce%b7-%ce%b1%ce%bd%ce%b1%cf%80%ce%bd%ce%bf%ce%ae\/","name":"Der Atem - Zoepnoe","isPartOf":{"@id":"https:\/\/zoepnoebreathing.com\/de\/#website"},"datePublished":"2023-03-14T09:13:58+00:00","dateModified":"2024-03-05T11:03:43+00:00","description":"Die Atmung als wichtigster \u00dcberlebensmechanismus spielt eine wichtige Rolle f\u00fcr die Biochemie des Organismus und f\u00fcr die menschliche Gesundheit.","breadcrumb":{"@id":"https:\/\/zoepnoebreathing.com\/%ce%b7-%ce%b1%ce%bd%ce%b1%cf%80%ce%bd%ce%bf%ce%ae\/#breadcrumb"},"inLanguage":"de-DE","potentialAction":[{"@type":"ReadAction","target":["https:\/\/zoepnoebreathing.com\/%ce%b7-%ce%b1%ce%bd%ce%b1%cf%80%ce%bd%ce%bf%ce%ae\/"]}]},{"@type":"BreadcrumbList","@id":"https:\/\/zoepnoebreathing.com\/%ce%b7-%ce%b1%ce%bd%ce%b1%cf%80%ce%bd%ce%bf%ce%ae\/#breadcrumb","itemListElement":[{"@type":"ListItem","position":1,"name":"Home","item":"https:\/\/zoepnoebreathing.com\/"},{"@type":"ListItem","position":2,"name":"\u0397 \u0391\u03bd\u03b1\u03c0\u03bd\u03bf\u03ae"}]},{"@type":"WebSite","@id":"https:\/\/zoepnoebreathing.com\/de\/#website","url":"https:\/\/zoepnoebreathing.com\/de\/","name":"Zoe Pnoe Atmen","description":"Lernen Sie den Weg der Buteyko-Atmung","publisher":{"@id":"https:\/\/zoepnoebreathing.com\/de\/#organization"},"potentialAction":[{"@type":"SearchAction","target":{"@type":"EntryPoint","urlTemplate":"https:\/\/zoepnoebreathing.com\/de\/?s={search_term_string}"},"query-input":{"@type":"PropertyValueSpecification","valueRequired":true,"valueName":"search_term_string"}}],"inLanguage":"de-DE"},{"@type":"Organization","@id":"https:\/\/zoepnoebreathing.com\/de\/#organization","name":"Zoe pnoe atmet","url":"https:\/\/zoepnoebreathing.com\/de\/","logo":{"@type":"ImageObject","inLanguage":"de-DE","@id":"https:\/\/zoepnoebreathing.com\/de\/#\/schema\/logo\/image\/","url":"https:\/\/zoepnoebreathing.com\/wp-content\/uploads\/2023\/03\/pnoe-zoe_logo-end-_-1-color_transparent.png","contentUrl":"https:\/\/zoepnoebreathing.com\/wp-content\/uploads\/2023\/03\/pnoe-zoe_logo-end-_-1-color_transparent.png","width":510,"height":435,"caption":"Zoe pnoe breathing"},"image":{"@id":"https:\/\/zoepnoebreathing.com\/de\/#\/schema\/logo\/image\/"}}]}},"_links":{"self":[{"href":"https:\/\/zoepnoebreathing.com\/de\/wp-json\/wp\/v2\/pages\/77","targetHints":{"allow":["GET"]}}],"collection":[{"href":"https:\/\/zoepnoebreathing.com\/de\/wp-json\/wp\/v2\/pages"}],"about":[{"href":"https:\/\/zoepnoebreathing.com\/de\/wp-json\/wp\/v2\/types\/page"}],"author":[{"embeddable":true,"href":"https:\/\/zoepnoebreathing.com\/de\/wp-json\/wp\/v2\/users\/1"}],"replies":[{"embeddable":true,"href":"https:\/\/zoepnoebreathing.com\/de\/wp-json\/wp\/v2\/comments?post=77"}],"version-history":[{"count":2,"href":"https:\/\/zoepnoebreathing.com\/de\/wp-json\/wp\/v2\/pages\/77\/revisions"}],"predecessor-version":[{"id":2953,"href":"https:\/\/zoepnoebreathing.com\/de\/wp-json\/wp\/v2\/pages\/77\/revisions\/2953"}],"wp:attachment":[{"href":"https:\/\/zoepnoebreathing.com\/de\/wp-json\/wp\/v2\/media?parent=77"}],"curies":[{"name":"wp","href":"https:\/\/api.w.org\/{rel}","templated":true}]}}