{"id":2390,"date":"2023-11-28T08:37:59","date_gmt":"2023-11-28T08:37:59","guid":{"rendered":"https:\/\/zoepnoebreathing.com\/?page_id=2390"},"modified":"2025-09-15T21:17:26","modified_gmt":"2025-09-15T21:17:26","slug":"pongase-en-contacto-con","status":"publish","type":"page","link":"http:\/\/zoepnoebreathing.com\/es\/contact\/","title":{"rendered":"Contacto"},"content":{"rendered":"","protected":false},"excerpt":{"rendered":"","protected":false},"author":2,"featured_media":0,"parent":0,"menu_order":0,"comment_status":"closed","ping_status":"closed","template":"","meta":{"footnotes":""},"class_list":["post-2390","page","type-page","status-publish","hentry"],"yoast_head":"<!-- This site is optimized with the Yoast SEO plugin v27.4 - https:\/\/yoast.com\/product\/yoast-seo-wordpress\/ -->\n<title>\u0395\u03c0\u03b9\u03ba\u03bf\u03b9\u03bd\u03c9\u03bd\u03af\u03b1 - Zoepnoe<\/title>\n<meta name=\"description\" content=\"\u0395\u03bd\u03b7\u03bc\u03b5\u03c1\u03c9\u03b8\u03b5\u03af\u03c4\u03b5 \u03b3\u03b9\u03b1 \u03c4\u03b7 \u03bc\u03ad\u03b8\u03bf\u03b4\u03bf Buteyko \u03ba\u03b1\u03b9 \u03ba\u03bb\u03b5\u03af\u03c3\u03c4\u03b5 \u03ad\u03bd\u03b1 \u03b4\u03c9\u03c1\u03b5\u03ac\u03bd \u03c1\u03b1\u03bd\u03c4\u03b5\u03b2\u03bf\u03cd, \u03b5\u03af\u03c4\u03b5 online \u03b5\u03af\u03c4\u03b5 \u03c4\u03b7\u03bb\u03b5\u03c6\u03c9\u03bd\u03b9\u03ba\u03ce\u03c2, \u03bc\u03b5 \u03c4\u03b7\u03bd \u03b5\u03b9\u03b4\u03b9\u03ba\u03cc\u03c2 \u03c3\u03c4\u03b7\u03bd \u03b1\u03bd\u03b1\u03c0\u03bd\u03bf\u03ae Buteyko.\" \/>\n<meta name=\"robots\" content=\"index, follow, max-snippet:-1, max-image-preview:large, max-video-preview:-1\" \/>\n<link rel=\"canonical\" href=\"https:\/\/zoepnoebreathing.com\/es\/contacto\/\" \/>\n<meta property=\"og:locale\" content=\"es_ES\" \/>\n<meta property=\"og:type\" content=\"article\" \/>\n<meta property=\"og:title\" content=\"\u0395\u03c0\u03b9\u03ba\u03bf\u03b9\u03bd\u03c9\u03bd\u03af\u03b1 - Zoepnoe\" \/>\n<meta property=\"og:description\" content=\"\u0395\u03bd\u03b7\u03bc\u03b5\u03c1\u03c9\u03b8\u03b5\u03af\u03c4\u03b5 \u03b3\u03b9\u03b1 \u03c4\u03b7 \u03bc\u03ad\u03b8\u03bf\u03b4\u03bf Buteyko \u03ba\u03b1\u03b9 \u03ba\u03bb\u03b5\u03af\u03c3\u03c4\u03b5 \u03ad\u03bd\u03b1 \u03b4\u03c9\u03c1\u03b5\u03ac\u03bd \u03c1\u03b1\u03bd\u03c4\u03b5\u03b2\u03bf\u03cd, \u03b5\u03af\u03c4\u03b5 online \u03b5\u03af\u03c4\u03b5 \u03c4\u03b7\u03bb\u03b5\u03c6\u03c9\u03bd\u03b9\u03ba\u03ce\u03c2, \u03bc\u03b5 \u03c4\u03b7\u03bd \u03b5\u03b9\u03b4\u03b9\u03ba\u03cc\u03c2 \u03c3\u03c4\u03b7\u03bd \u03b1\u03bd\u03b1\u03c0\u03bd\u03bf\u03ae Buteyko.\" \/>\n<meta property=\"og:url\" content=\"https:\/\/zoepnoebreathing.com\/es\/contacto\/\" \/>\n<meta property=\"og:site_name\" content=\"Zoepnoe\" \/>\n<meta property=\"article:modified_time\" content=\"2025-09-15T21:17:26+00:00\" \/>\n<meta property=\"og:image\" content=\"https:\/\/zoepnoebreathing.com\/wp-content\/uploads\/2024\/01\/site-image.jpg\" \/>\n\t<meta property=\"og:image:width\" content=\"1200\" \/>\n\t<meta property=\"og:image:height\" content=\"675\" \/>\n\t<meta property=\"og:image:type\" content=\"image\/jpeg\" \/>\n<meta name=\"twitter:card\" content=\"summary_large_image\" \/>\n<script type=\"application\/ld+json\" class=\"yoast-schema-graph\">{\"@context\":\"https:\\\/\\\/schema.org\",\"@graph\":[{\"@type\":\"WebPage\",\"@id\":\"https:\\\/\\\/zoepnoebreathing.com\\\/%ce%b5%cf%80%ce%b9%ce%ba%ce%bf%ce%b9%ce%bd%cf%89%ce%bd%ce%af%ce%b1\\\/\",\"url\":\"https:\\\/\\\/zoepnoebreathing.com\\\/%ce%b5%cf%80%ce%b9%ce%ba%ce%bf%ce%b9%ce%bd%cf%89%ce%bd%ce%af%ce%b1\\\/\",\"name\":\"\u0395\u03c0\u03b9\u03ba\u03bf\u03b9\u03bd\u03c9\u03bd\u03af\u03b1 - Zoepnoe\",\"isPartOf\":{\"@id\":\"http:\\\/\\\/zoepnoebreathing.com\\\/es\\\/#website\"},\"datePublished\":\"2023-11-28T08:37:59+00:00\",\"dateModified\":\"2025-09-15T21:17:26+00:00\",\"description\":\"\u0395\u03bd\u03b7\u03bc\u03b5\u03c1\u03c9\u03b8\u03b5\u03af\u03c4\u03b5 \u03b3\u03b9\u03b1 \u03c4\u03b7 \u03bc\u03ad\u03b8\u03bf\u03b4\u03bf Buteyko \u03ba\u03b1\u03b9 \u03ba\u03bb\u03b5\u03af\u03c3\u03c4\u03b5 \u03ad\u03bd\u03b1 \u03b4\u03c9\u03c1\u03b5\u03ac\u03bd \u03c1\u03b1\u03bd\u03c4\u03b5\u03b2\u03bf\u03cd, \u03b5\u03af\u03c4\u03b5 online \u03b5\u03af\u03c4\u03b5 \u03c4\u03b7\u03bb\u03b5\u03c6\u03c9\u03bd\u03b9\u03ba\u03ce\u03c2, \u03bc\u03b5 \u03c4\u03b7\u03bd \u03b5\u03b9\u03b4\u03b9\u03ba\u03cc\u03c2 \u03c3\u03c4\u03b7\u03bd \u03b1\u03bd\u03b1\u03c0\u03bd\u03bf\u03ae Buteyko.\",\"breadcrumb\":{\"@id\":\"https:\\\/\\\/zoepnoebreathing.com\\\/%ce%b5%cf%80%ce%b9%ce%ba%ce%bf%ce%b9%ce%bd%cf%89%ce%bd%ce%af%ce%b1\\\/#breadcrumb\"},\"inLanguage\":\"es\",\"potentialAction\":[{\"@type\":\"ReadAction\",\"target\":[\"https:\\\/\\\/zoepnoebreathing.com\\\/%ce%b5%cf%80%ce%b9%ce%ba%ce%bf%ce%b9%ce%bd%cf%89%ce%bd%ce%af%ce%b1\\\/\"]}]},{\"@type\":\"BreadcrumbList\",\"@id\":\"https:\\\/\\\/zoepnoebreathing.com\\\/%ce%b5%cf%80%ce%b9%ce%ba%ce%bf%ce%b9%ce%bd%cf%89%ce%bd%ce%af%ce%b1\\\/#breadcrumb\",\"itemListElement\":[{\"@type\":\"ListItem\",\"position\":1,\"name\":\"Home\",\"item\":\"https:\\\/\\\/zoepnoebreathing.com\\\/\"},{\"@type\":\"ListItem\",\"position\":2,\"name\":\"\u0395\u03c0\u03b9\u03ba\u03bf\u03b9\u03bd\u03c9\u03bd\u03af\u03b1\"}]},{\"@type\":\"WebSite\",\"@id\":\"http:\\\/\\\/zoepnoebreathing.com\\\/es\\\/#website\",\"url\":\"http:\\\/\\\/zoepnoebreathing.com\\\/es\\\/\",\"name\":\"Zoe Pnoe Breathing\",\"description\":\"Learn the way of Buteyko breathing\",\"publisher\":{\"@id\":\"http:\\\/\\\/zoepnoebreathing.com\\\/es\\\/#organization\"},\"potentialAction\":[{\"@type\":\"SearchAction\",\"target\":{\"@type\":\"EntryPoint\",\"urlTemplate\":\"http:\\\/\\\/zoepnoebreathing.com\\\/es\\\/?s={search_term_string}\"},\"query-input\":{\"@type\":\"PropertyValueSpecification\",\"valueRequired\":true,\"valueName\":\"search_term_string\"}}],\"inLanguage\":\"es\"},{\"@type\":\"Organization\",\"@id\":\"http:\\\/\\\/zoepnoebreathing.com\\\/es\\\/#organization\",\"name\":\"Zoe pnoe breathing\",\"url\":\"http:\\\/\\\/zoepnoebreathing.com\\\/es\\\/\",\"logo\":{\"@type\":\"ImageObject\",\"inLanguage\":\"es\",\"@id\":\"http:\\\/\\\/zoepnoebreathing.com\\\/es\\\/#\\\/schema\\\/logo\\\/image\\\/\",\"url\":\"https:\\\/\\\/zoepnoebreathing.com\\\/wp-content\\\/uploads\\\/2023\\\/03\\\/pnoe-zoe_logo-end-_-1-color_transparent.png\",\"contentUrl\":\"https:\\\/\\\/zoepnoebreathing.com\\\/wp-content\\\/uploads\\\/2023\\\/03\\\/pnoe-zoe_logo-end-_-1-color_transparent.png\",\"width\":510,\"height\":435,\"caption\":\"Zoe pnoe breathing\"},\"image\":{\"@id\":\"http:\\\/\\\/zoepnoebreathing.com\\\/es\\\/#\\\/schema\\\/logo\\\/image\\\/\"}}]}<\/script>\n<!-- \/ Yoast SEO plugin. -->","yoast_head_json":{"title":"Contacto - Zoepnoe","description":"Inf\u00f3rmese sobre el M\u00e9todo Buteyko y concierte una cita gratuita, en l\u00ednea o por tel\u00e9fono, con un especialista en respiraci\u00f3n Buteyko.","robots":{"index":"index","follow":"follow","max-snippet":"max-snippet:-1","max-image-preview":"max-image-preview:large","max-video-preview":"max-video-preview:-1"},"canonical":"https:\/\/zoepnoebreathing.com\/es\/contacto\/","og_locale":"es_ES","og_type":"article","og_title":"\u0395\u03c0\u03b9\u03ba\u03bf\u03b9\u03bd\u03c9\u03bd\u03af\u03b1 - Zoepnoe","og_description":"\u0395\u03bd\u03b7\u03bc\u03b5\u03c1\u03c9\u03b8\u03b5\u03af\u03c4\u03b5 \u03b3\u03b9\u03b1 \u03c4\u03b7 \u03bc\u03ad\u03b8\u03bf\u03b4\u03bf Buteyko \u03ba\u03b1\u03b9 \u03ba\u03bb\u03b5\u03af\u03c3\u03c4\u03b5 \u03ad\u03bd\u03b1 \u03b4\u03c9\u03c1\u03b5\u03ac\u03bd \u03c1\u03b1\u03bd\u03c4\u03b5\u03b2\u03bf\u03cd, \u03b5\u03af\u03c4\u03b5 online \u03b5\u03af\u03c4\u03b5 \u03c4\u03b7\u03bb\u03b5\u03c6\u03c9\u03bd\u03b9\u03ba\u03ce\u03c2, \u03bc\u03b5 \u03c4\u03b7\u03bd \u03b5\u03b9\u03b4\u03b9\u03ba\u03cc\u03c2 \u03c3\u03c4\u03b7\u03bd \u03b1\u03bd\u03b1\u03c0\u03bd\u03bf\u03ae Buteyko.","og_url":"https:\/\/zoepnoebreathing.com\/es\/contacto\/","og_site_name":"Zoepnoe","article_modified_time":"2025-09-15T21:17:26+00:00","og_image":[{"width":1200,"height":675,"url":"https:\/\/zoepnoebreathing.com\/wp-content\/uploads\/2024\/01\/site-image.jpg","type":"image\/jpeg"}],"twitter_card":"summary_large_image","schema":{"@context":"https:\/\/schema.org","@graph":[{"@type":"WebPage","@id":"https:\/\/zoepnoebreathing.com\/%ce%b5%cf%80%ce%b9%ce%ba%ce%bf%ce%b9%ce%bd%cf%89%ce%bd%ce%af%ce%b1\/","url":"https:\/\/zoepnoebreathing.com\/%ce%b5%cf%80%ce%b9%ce%ba%ce%bf%ce%b9%ce%bd%cf%89%ce%bd%ce%af%ce%b1\/","name":"Contacto - Zoepnoe","isPartOf":{"@id":"http:\/\/zoepnoebreathing.com\/es\/#website"},"datePublished":"2023-11-28T08:37:59+00:00","dateModified":"2025-09-15T21:17:26+00:00","description":"Inf\u00f3rmese sobre el M\u00e9todo Buteyko y concierte una cita gratuita, en l\u00ednea o por tel\u00e9fono, con un especialista en respiraci\u00f3n Buteyko.","breadcrumb":{"@id":"https:\/\/zoepnoebreathing.com\/%ce%b5%cf%80%ce%b9%ce%ba%ce%bf%ce%b9%ce%bd%cf%89%ce%bd%ce%af%ce%b1\/#breadcrumb"},"inLanguage":"es","potentialAction":[{"@type":"ReadAction","target":["https:\/\/zoepnoebreathing.com\/%ce%b5%cf%80%ce%b9%ce%ba%ce%bf%ce%b9%ce%bd%cf%89%ce%bd%ce%af%ce%b1\/"]}]},{"@type":"BreadcrumbList","@id":"https:\/\/zoepnoebreathing.com\/%ce%b5%cf%80%ce%b9%ce%ba%ce%bf%ce%b9%ce%bd%cf%89%ce%bd%ce%af%ce%b1\/#breadcrumb","itemListElement":[{"@type":"ListItem","position":1,"name":"Home","item":"https:\/\/zoepnoebreathing.com\/"},{"@type":"ListItem","position":2,"name":"\u0395\u03c0\u03b9\u03ba\u03bf\u03b9\u03bd\u03c9\u03bd\u03af\u03b1"}]},{"@type":"WebSite","@id":"http:\/\/zoepnoebreathing.com\/es\/#website","url":"http:\/\/zoepnoebreathing.com\/es\/","name":"Zoe Pnoe Respiraci\u00f3n","description":"Aprende el m\u00e9todo de respiraci\u00f3n Buteyko","publisher":{"@id":"http:\/\/zoepnoebreathing.com\/es\/#organization"},"potentialAction":[{"@type":"SearchAction","target":{"@type":"EntryPoint","urlTemplate":"http:\/\/zoepnoebreathing.com\/es\/?s={search_term_string}"},"query-input":{"@type":"PropertyValueSpecification","valueRequired":true,"valueName":"search_term_string"}}],"inLanguage":"es"},{"@type":"Organization","@id":"http:\/\/zoepnoebreathing.com\/es\/#organization","name":"Zoe pnoe respiraci\u00f3n","url":"http:\/\/zoepnoebreathing.com\/es\/","logo":{"@type":"ImageObject","inLanguage":"es","@id":"http:\/\/zoepnoebreathing.com\/es\/#\/schema\/logo\/image\/","url":"https:\/\/zoepnoebreathing.com\/wp-content\/uploads\/2023\/03\/pnoe-zoe_logo-end-_-1-color_transparent.png","contentUrl":"https:\/\/zoepnoebreathing.com\/wp-content\/uploads\/2023\/03\/pnoe-zoe_logo-end-_-1-color_transparent.png","width":510,"height":435,"caption":"Zoe pnoe breathing"},"image":{"@id":"http:\/\/zoepnoebreathing.com\/es\/#\/schema\/logo\/image\/"}}]}},"_links":{"self":[{"href":"http:\/\/zoepnoebreathing.com\/es\/wp-json\/wp\/v2\/pages\/2390","targetHints":{"allow":["GET"]}}],"collection":[{"href":"http:\/\/zoepnoebreathing.com\/es\/wp-json\/wp\/v2\/pages"}],"about":[{"href":"http:\/\/zoepnoebreathing.com\/es\/wp-json\/wp\/v2\/types\/page"}],"author":[{"embeddable":true,"href":"http:\/\/zoepnoebreathing.com\/es\/wp-json\/wp\/v2\/users\/2"}],"replies":[{"embeddable":true,"href":"http:\/\/zoepnoebreathing.com\/es\/wp-json\/wp\/v2\/comments?post=2390"}],"version-history":[{"count":4,"href":"http:\/\/zoepnoebreathing.com\/es\/wp-json\/wp\/v2\/pages\/2390\/revisions"}],"predecessor-version":[{"id":2404,"href":"http:\/\/zoepnoebreathing.com\/es\/wp-json\/wp\/v2\/pages\/2390\/revisions\/2404"}],"wp:attachment":[{"href":"http:\/\/zoepnoebreathing.com\/es\/wp-json\/wp\/v2\/media?parent=2390"}],"curies":[{"name":"wp","href":"https:\/\/api.w.org\/{rel}","templated":true}]}}