{"id":165,"date":"2023-03-22T18:47:29","date_gmt":"2023-03-22T18:47:29","guid":{"rendered":"http:\/\/mariasan.local\/?page_id=165"},"modified":"2024-11-09T12:06:18","modified_gmt":"2024-11-09T12:06:18","slug":"maria-santos","status":"publish","type":"page","link":"http:\/\/zoepnoebreathing.com\/de\/maria-santos\/","title":{"rendered":"Maria Santos"},"content":{"rendered":"\t\t<div data-elementor-type=\"wp-page\" data-elementor-id=\"165\" class=\"elementor elementor-165\" data-elementor-post-type=\"page\">\n\t\t\t\t\t\t<section class=\"elementor-section elementor-top-section elementor-element elementor-element-166bf79 elementor-section-height-min-height elementor-section-boxed elementor-section-height-default elementor-section-items-middle\" data-id=\"166bf79\" data-element_type=\"section\" data-e-type=\"section\" data-settings=\"{&quot;background_background&quot;:&quot;classic&quot;,&quot;shape_divider_bottom_negative&quot;:&quot;yes&quot;,&quot;background_motion_fx_motion_fx_scrolling&quot;:&quot;yes&quot;,&quot;shape_divider_bottom&quot;:&quot;split&quot;,&quot;background_motion_fx_devices&quot;:[&quot;desktop&quot;,&quot;tablet&quot;,&quot;mobile&quot;]}\">\n\t\t\t\t\t\t\t<div class=\"elementor-background-overlay\"><\/div>\n\t\t\t\t\t\t<div class=\"elementor-shape elementor-shape-bottom\" aria-hidden=\"true\" data-negative=\"true\">\n\t\t\t<svg xmlns=\"http:\/\/www.w3.org\/2000\/svg\" viewBox=\"0 0 1000 20\" preserveAspectRatio=\"none\">\n\t<path class=\"elementor-shape-fill\" d=\"M519.8,0.2c-11,0-19.8,8.5-19.8,19c0-10.4-8.8-19-19.8-19L0,0v20h1000V0.2H519.8z\"\/>\n<\/svg>\t\t<\/div>\n\t\t\t\t\t<div class=\"elementor-container elementor-column-gap-wider\">\n\t\t\t\t\t<div class=\"elementor-column elementor-col-100 elementor-top-column elementor-element elementor-element-4c34644\" data-id=\"4c34644\" data-element_type=\"column\" data-e-type=\"column\">\n\t\t\t<div class=\"elementor-widget-wrap elementor-element-populated\">\n\t\t\t\t\t\t<div class=\"elementor-element elementor-element-2cc26ae elementor-invisible elementor-widget elementor-widget-heading\" data-id=\"2cc26ae\" data-element_type=\"widget\" data-e-type=\"widget\" data-settings=\"{&quot;_animation&quot;:&quot;fadeInDown&quot;}\" data-widget_type=\"heading.default\">\n\t\t\t\t<div class=\"elementor-widget-container\">\n\t\t\t\t\t<h2 class=\"elementor-heading-title elementor-size-default\">Maria Santos<\/h2>\t\t\t\t<\/div>\n\t\t\t\t<\/div>\n\t\t\t\t<div class=\"elementor-element elementor-element-ae9f8b7 elementor-invisible elementor-widget elementor-widget-text-editor\" data-id=\"ae9f8b7\" data-element_type=\"widget\" data-e-type=\"widget\" data-settings=\"{&quot;_animation&quot;:&quot;fadeInUp&quot;}\" data-widget_type=\"text-editor.default\">\n\t\t\t\t<div class=\"elementor-widget-container\">\n\t\t\t\t\t\t\t\t\t<p>Buteyko Breathing Specialist<\/p>\t\t\t\t\t\t\t\t<\/div>\n\t\t\t\t<\/div>\n\t\t\t\t\t<\/div>\n\t\t<\/div>\n\t\t\t\t\t<\/div>\n\t\t<\/section>\n\t\t\t\t<section class=\"elementor-section elementor-top-section elementor-element elementor-element-f6bd1d4 elementor-section-boxed elementor-section-height-default elementor-section-height-default\" data-id=\"f6bd1d4\" data-element_type=\"section\" data-e-type=\"section\" data-settings=\"{&quot;background_background&quot;:&quot;classic&quot;}\">\n\t\t\t\t\t\t<div class=\"elementor-container elementor-column-gap-wider\">\n\t\t\t\t\t<div class=\"elementor-column elementor-col-50 elementor-top-column elementor-element elementor-element-535830b\" data-id=\"535830b\" data-element_type=\"column\" data-e-type=\"column\">\n\t\t\t<div class=\"elementor-widget-wrap elementor-element-populated\">\n\t\t\t\t\t\t<div class=\"elementor-element elementor-element-9e3f821 elementor-invisible elementor-widget elementor-widget-text-editor\" data-id=\"9e3f821\" data-element_type=\"widget\" data-e-type=\"widget\" data-settings=\"{&quot;_animation&quot;:&quot;fadeIn&quot;}\" data-widget_type=\"text-editor.default\">\n\t\t\t\t<div class=\"elementor-widget-container\">\n\t\t\t\t\t\t\t\t\t<p>\u0395\u03c0\u03af\u03ba\u03b1\u03b9\u03c1\u03b7 \u03ba\u03b1\u03b9 \u03b5\u03c5\u03b1\u03af\u03c3\u03b8\u03b7\u03c4\u03b7, \u03bc\u03b1 \u03ba\u03b1\u03b9 \u03c4\u03cc\u03c3\u03bf \u03b1\u03bd\u03b1\u03b3\u03ba\u03b1\u03af\u03b1 \u03b7 \u03b1\u03bd\u03b1\u03b6\u03ae\u03c4\u03b7\u03c3\u03b7 \u03b3\u03b9\u03b1 \u03b1\u03c0\u03b1\u03bd\u03c4\u03ae\u03c3\u03b5\u03b9\u03c2 \u03c3\u03c4\u03bf \u03b6\u03ae\u03c4\u03b7\u03bc\u03b1 \u03c4\u03b7\u03c2 \u03c5\u03b3\u03b5\u03af\u03b1\u03c2.<\/p><p>\u03a4\u03bf \u03b6\u03ae\u03c4\u03b7\u03bc\u03b1 \u03c4\u03b7\u03c2 \u03af\u03b1\u03c3\u03b7\u03c2 \u03ba\u03b1\u03b9 \u03b7 \u03b1\u03bd\u03b1\u03b6\u03ae\u03c4\u03b7\u03c3\u03b7 \u03c4\u03c1\u03cc\u03c0\u03c9\u03bd \u03b2\u03b5\u03bb\u03c4\u03af\u03c9\u03c3\u03b7\u03c2 \u03c4\u03b7\u03c2 \u03c5\u03b3\u03b5\u03af\u03b1\u03c2 \u03bc\u03bf\u03c5, \u03bc\u03b5 \u03b5\u03bd\u03b4\u03b9\u03ad\u03c6\u03b5\u03c1\u03b5 \u03b1\u03c0\u03cc \u03bd\u03b5\u03b1\u03c1\u03ae \u03b7\u03bb\u03b9\u03ba\u03af\u03b1.<\/p><p>\u03a9\u03c2 \u03c0\u03b1\u03b9\u03b4\u03af \u03b1\u03c3\u03b8\u03b5\u03bd\u03bf\u03cd\u03c3\u03b1 \u03c3\u03c5\u03c7\u03bd\u03ac \u03bc\u03b5 \u03b1\u03bd\u03b1\u03c0\u03bd\u03b5\u03c5\u03c3\u03c4\u03b9\u03ba\u03ad\u03c2 \u03b4\u03b9\u03b1\u03c4\u03b1\u03c1\u03b1\u03c7\u03ad\u03c2 \u03ba\u03b1\u03b9 \u03b1\u03bb\u03bb\u03b5\u03c1\u03b3\u03af\u03b5\u03c2 \u03c0\u03bf\u03c5 \u03bc\u03b5 \u03bf\u03b4\u03ae\u03b3\u03b7\u03c3\u03b1\u03bd \u03bd\u03b1 \u03c8\u03ac\u03c7\u03bd\u03bf\u03bc\u03b1\u03b9 \u03ba\u03b1\u03b9 \u03bd\u03b1 \u03b4\u03bf\u03ba\u03b9\u03bc\u03ac\u03b6\u03c9 \u03b4\u03b9\u03b1\u03c6\u03bf\u03c1\u03b5\u03c4\u03b9\u03ba\u03ad\u03c2 \u03bc\u03b5\u03b8\u03cc\u03b4\u03bf\u03c5\u03c2 \u03c0\u03bf\u03c5 \u03c5\u03c0\u03cc\u03c3\u03c7\u03bf\u03bd\u03c4\u03b1\u03bd \u03cc\u03c4\u03b9 \u03b8\u03b1 \u03b2\u03b5\u03bb\u03c4\u03af\u03c9\u03bd\u03b1\u03bd \u03c4\u03b7\u03bd \u03c5\u03b3\u03b5\u03af\u03b1 \u03bc\u03bf\u03c5. \u0395\u03bd\u03ce \u03b7 \u03bf\u03b9\u03ba\u03bf\u03b3\u03ad\u03bd\u03b5\u03b9\u03ac \u03bc\u03bf\u03c5 \u03ad\u03c8\u03b1\u03c7\u03bd\u03b5 \u03bb\u03cd\u03c3\u03b5\u03b9\u03c2 \u03c3\u03c4\u03b7 \u03bb\u03b5\u03b3\u03cc\u03bc\u03b5\u03bd\u03b7 \u03ba\u03bb\u03b1\u03c3\u03c3\u03b9\u03ba\u03ae \u03b9\u03b1\u03c4\u03c1\u03b9\u03ba\u03ae, \u03b5\u03b3\u03ce \u03b1\u03c0\u03cc \u03c0\u03b1\u03b9\u03b4\u03af \u03b1\u03bd\u03b1\u03b6\u03b7\u03c4\u03bf\u03cd\u03c3\u03b1 \u03c0\u03c1\u03b1\u03ba\u03c4\u03b9\u03ba\u03ad\u03c2 \u03b1\u03bd\u03b1\u03c4\u03bf\u03bb\u03b9\u03ba\u03ae\u03c2 \u03c0\u03c1\u03bf\u03ad\u03bb\u03b5\u03c5\u03c3\u03b7\u03c2.<\/p><p>\u0391\u03bd\u03b1\u03ba\u03ac\u03bb\u03c5\u03c0\u03c4\u03b1 \u03b2\u03b9\u03b2\u03bb\u03af\u03b1 \u03b4\u03b9\u03b1\u03c6\u03cc\u03c1\u03c9\u03bd \u03c4\u03cd\u03c0\u03c9\u03bd \u03b8\u03b5\u03c1\u03b1\u03c0\u03b5\u03af\u03b1\u03c2, \u03b4\u03bf\u03ba\u03af\u03bc\u03b1\u03c3\u03b1 \u03c0\u03c1\u03bf\u03c3\u03b5\u03b3\u03b3\u03af\u03c3\u03b5\u03b9\u03c2 \u03b5\u03bd\u03b1\u03bb\u03bb\u03b1\u03ba\u03c4\u03b9\u03ba\u03bf\u03cd \u03c4\u03cd\u03c0\u03bf\u03c5 \u03c6\u03c5\u03c3\u03b9\u03ba\u03ce\u03bd \u03b8\u03b5\u03c1\u03b1\u03c0\u03b5\u03b9\u03ce\u03bd \u03ba\u03b1\u03b9 \u03c0\u03b5\u03b9\u03c1\u03b1\u03bc\u03b1\u03c4\u03b9\u03b6\u03cc\u03bc\u03bf\u03c5\u03bd \u03bc\u03b5 \u03b1\u03bb\u03bb\u03cc\u03ba\u03bf\u03c4\u03bf\u03c5\u03c2 \u03ba\u03ce\u03b4\u03b9\u03ba\u03b5\u03c2 \u03b4\u03b9\u03b1\u03c4\u03c1\u03bf\u03c6\u03ae\u03c2.<\/p>\t\t\t\t\t\t\t\t<\/div>\n\t\t\t\t<\/div>\n\t\t\t\t<div class=\"elementor-element elementor-element-fd38052 elementor-widget elementor-widget-heading\" data-id=\"fd38052\" data-element_type=\"widget\" data-e-type=\"widget\" data-widget_type=\"heading.default\">\n\t\t\t\t<div class=\"elementor-widget-container\">\n\t\t\t\t\t<h2 class=\"elementor-heading-title elementor-size-default\">\u0397 \u03c0\u03c1\u03bf\u03c3\u03c9\u03c0\u03b9\u03ba\u03ae \u03bc\u03bf\u03c5 \u03c0\u03bf\u03c1\u03b5\u03af\u03b1...<\/h2>\t\t\t\t<\/div>\n\t\t\t\t<\/div>\n\t\t\t\t<div class=\"elementor-element elementor-element-f0ab256 elementor-invisible elementor-widget elementor-widget-text-editor\" data-id=\"f0ab256\" data-element_type=\"widget\" data-e-type=\"widget\" data-settings=\"{&quot;_animation&quot;:&quot;fadeIn&quot;}\" data-widget_type=\"text-editor.default\">\n\t\t\t\t<div class=\"elementor-widget-container\">\n\t\t\t\t\t\t\t\t\t<p>\u03a9\u03c2 \u03c0\u03b5\u03c1\u03af\u03b5\u03c1\u03b3\u03bf \u03ba\u03b1\u03b9 \u03b1\u03bd\u03ae\u03c3\u03c5\u03c7\u03bf \u03c0\u03bb\u03ac\u03c3\u03bc\u03b1 \u03b1\u03c0\u03cc \u03bc\u03b9\u03ba\u03c1\u03ae, \u03b1\u03c3\u03c7\u03bf\u03bb\u03bf\u03cd\u03bc\u03bf\u03c5\u03bd \u03ba\u03b1\u03b9 \u03bc\u03b5 \u03c4\u03b7\u03bd \u03c4\u03ad\u03c7\u03bd\u03b7 \u03c9\u03c2 \u03bc\u03ad\u03c3\u03bf \u03c4\u03c1\u03bf\u03c6\u03bf\u03b4\u03cc\u03c4\u03b7\u03c3\u03b7\u03c2 \u03c4\u03b7\u03c2 \u03c8\u03c5\u03c7\u03ae\u03c2 \u03bc\u03bf\u03c5. \u03a3\u03c0\u03bf\u03cd\u03b4\u03b1\u03c3\u03b1 \u03c7\u03bf\u03c1\u03cc \u03ba\u03b1\u03b9 \u03ad\u03ba\u03b1\u03bd\u03b1 \u03b1\u03bd\u03ce\u03c4\u03b5\u03c1\u03b5\u03c2 \u03c3\u03c0\u03bf\u03c5\u03b4\u03ad\u03c2 \u0393\u03c1\u03b1\u03c6\u03b9\u03ba\u03ce\u03bd \u03ba\u03b1\u03b9 \u03a6\u03c9\u03c4\u03bf\u03b3\u03c1\u03b1\u03c6\u03b9\u03ba\u03ce\u03bd \u03a4\u03b5\u03c7\u03bd\u03ce\u03bd \u03ba\u03b1\u03b9 \u03bf\u03bb\u03bf\u03ba\u03bb\u03ae\u03c1\u03c9\u03c3\u03b1 \u03c3\u03c0\u03bf\u03c5\u03b4\u03ad\u03c2 \u03c3\u03c4\u03bf Digital Marketing. \u0395\u03ba\u03c0\u03b1\u03b9\u03b4\u03b5\u03cd\u03c4\u03b7\u03ba\u03b1 \u03c9\u03c2 Pilates Instructor \u03ba\u03b1\u03b9 \u03c9\u03c2 <a href=\"https:\/\/neurodanza.com\/\">Neurodanza<sup>\u00a9<\/sup><\/a> Practitioner \u03ba\u03b1\u03b9 \u03b5\u03af\u03bc\u03b1\u03b9 \u03b1\u03bd\u03b1\u03b3\u03bd\u03c9\u03c1\u03b9\u03c3\u03bc\u03ad\u03bd\u03b7 Buteyko Breathing Specialist.<\/p><p>\u0397 \u03bc\u03b5\u03b3\u03ac\u03bb\u03b7 \u039f\u03b4\u03cd\u03c3\u03c3\u03b5\u03b9\u03b1 \u03c0\u03c1\u03bf\u03c2 \u03c4\u03b7\u03bd \u03c5\u03b3\u03b5\u03af\u03b1 \u03bc\u03bf\u03c5 \u03bf\u03bb\u03bf\u03ba\u03bb\u03b7\u03c1\u03ce\u03b8\u03b7\u03ba\u03b5 \u03cc\u03c4\u03b1\u03bd \u03ac\u03ba\u03bf\u03c5\u03c3\u03b1 \u03ba\u03b1\u03b9 \u03b1\u03c1\u03b3\u03cc\u03c4\u03b5\u03c1\u03b1 \u03ba\u03b1\u03c4\u03b1\u03bd\u03cc\u03b7\u03c3\u03b1 \u03c4\u03b7\u03bd \u03b5\u03be\u03ae\u03b3\u03b7\u03c3\u03b7 \u03b3\u03b9\u03b1 \u03c4\u03b7\u03bd \u03b1\u03b9\u03c4\u03af\u03b1 \u03c4\u03b7\u03c2 \u03b1\u03c1\u03c1\u03ce\u03c3\u03c4\u03b9\u03b1\u03c2, \u03cc\u03c4\u03b1\u03bd \u03ad\u03bd\u03b1\u03c2 \u03c6\u03af\u03bb\u03bf\u03c2 \u03bc\u03bf\u03c5 \u03bc\u03af\u03bb\u03b7\u03c3\u03b5 \u03b3\u03b9\u03b1 \u03c4\u03b7\u03bd, \u03b3\u03b9\u03b1 \u03bc\u03ad\u03bd\u03b1 \u03bc\u03ad\u03c7\u03c1\u03b9 \u03c4\u03cc\u03c4\u03b5 \u03ac\u03b3\u03bd\u03c9\u03c3\u03c4\u03b7, \u03b1\u03bd\u03b1\u03ba\u03ac\u03bb\u03c5\u03c8\u03b7 \u03c4\u03bf\u03c5 \u03b9\u03b1\u03c4\u03c1\u03bf\u03cd Dr. Konstantin Buteyko. \u03a3\u03ae\u03bc\u03b5\u03c1\u03b1, \u03bc\u03b5 \u03c0\u03ac\u03bd\u03c9 \u03b1\u03c0\u03cc \u03b5\u03af\u03ba\u03bf\u03c3\u03b9 \u03c7\u03c1\u03cc\u03bd\u03b9\u03b1 \u03b2\u03b9\u03c9\u03bc\u03b1\u03c4\u03b9\u03ba\u03ae \u03b5\u03bc\u03c0\u03b5\u03b9\u03c1\u03af\u03b1 \u03ba\u03b1\u03b9 \u03b5\u03c6\u03b1\u03c1\u03bc\u03bf\u03b3\u03ae \u03c4\u03b7\u03c2 \u03c3\u03c9\u03c3\u03c4\u03ae\u03c2 \u03b1\u03bd\u03b1\u03c0\u03bd\u03bf\u03ae\u03c2, \u03b5\u03bd\u03b7\u03bc\u03b5\u03c1\u03ce\u03bd\u03c9 \u03ba\u03b1\u03b9 \u03c3\u03c4\u03b7\u03c1\u03af\u03b6\u03c9 \u03b1\u03bd\u03b8\u03c1\u03ce\u03c0\u03bf\u03c5\u03c2 \u03c3\u03c4\u03bf \u03bd\u03b1 \u03b3\u03bd\u03c9\u03c1\u03af\u03c3\u03bf\u03c5\u03bd \u03ba\u03b1\u03b9 \u03bd\u03b1 \u03b5\u03c6\u03b1\u03c1\u03bc\u03cc\u03c3\u03bf\u03c5\u03bd \u03c4\u03b7 \u03bc\u03ad\u03b8\u03bf\u03b4\u03bf Buteyko \u03ce\u03c3\u03c4\u03b5 \u03bd\u03b1 \u03bc\u03c0\u03bf\u03c1\u03bf\u03cd\u03bd \u03bf\u03b9 \u03af\u03b4\u03b9\u03bf\u03b9 \u03bd\u03b1 \u03b2\u03b5\u03bb\u03c4\u03b9\u03ce\u03c3\u03bf\u03c5\u03bd \u03c4\u03b7\u03bd \u03c5\u03b3\u03b5\u03af\u03b1 \u03c4\u03bf\u03c5\u03c2.<\/p>\t\t\t\t\t\t\t\t<\/div>\n\t\t\t\t<\/div>\n\t\t\t\t\t<\/div>\n\t\t<\/div>\n\t\t\t\t<div class=\"elementor-column elementor-col-50 elementor-top-column elementor-element elementor-element-6d19e26\" data-id=\"6d19e26\" data-element_type=\"column\" data-e-type=\"column\">\n\t\t\t<div class=\"elementor-widget-wrap elementor-element-populated\">\n\t\t\t\t\t\t<div class=\"elementor-element elementor-element-8cb72cf elementor-invisible elementor-widget elementor-widget-image\" data-id=\"8cb72cf\" data-element_type=\"widget\" data-e-type=\"widget\" data-settings=\"{&quot;_animation&quot;:&quot;fadeIn&quot;}\" data-widget_type=\"image.default\">\n\t\t\t\t<div class=\"elementor-widget-container\">\n\t\t\t\t\t\t\t\t\t\t\t\t\t\t\t<img fetchpriority=\"high\" decoding=\"async\" width=\"720\" height=\"960\" src=\"https:\/\/zoepnoebreathing.com\/wp-content\/uploads\/2023\/04\/maria-breathing.jpeg\" class=\"attachment-full size-full wp-image-355\" alt=\"\" srcset=\"https:\/\/zoepnoebreathing.com\/wp-content\/uploads\/2023\/04\/maria-breathing.jpeg 720w, https:\/\/zoepnoebreathing.com\/wp-content\/uploads\/2023\/04\/maria-breathing-9x12.jpeg 9w\" sizes=\"100vw\" \/>\t\t\t\t\t\t\t\t\t\t\t\t\t\t\t<\/div>\n\t\t\t\t<\/div>\n\t\t\t\t<div class=\"elementor-element elementor-element-e69bb08 elementor-icon-list--layout-inline elementor-list-item-link-full_width elementor-widget elementor-widget-icon-list\" data-id=\"e69bb08\" data-element_type=\"widget\" data-e-type=\"widget\" data-widget_type=\"icon-list.default\">\n\t\t\t\t<div class=\"elementor-widget-container\">\n\t\t\t\t\t\t\t<ul class=\"elementor-icon-list-items elementor-inline-items\">\n\t\t\t\t\t\t\t<li class=\"elementor-icon-list-item elementor-inline-item\">\n\t\t\t\t\t\t\t\t\t\t\t<a href=\"tel:+306976176172\">\n\n\t\t\t\t\t\t\t\t\t\t\t\t<span class=\"elementor-icon-list-icon\">\n\t\t\t\t\t\t\t<i aria-hidden=\"true\" class=\"fas fa-phone-alt\"><\/i>\t\t\t\t\t\t<\/span>\n\t\t\t\t\t\t\t\t\t\t<span class=\"elementor-icon-list-text\"><\/span>\n\t\t\t\t\t\t\t\t\t\t\t<\/a>\n\t\t\t\t\t\t\t\t\t<\/li>\n\t\t\t\t\t\t\t\t<li class=\"elementor-icon-list-item elementor-inline-item\">\n\t\t\t\t\t\t\t\t\t\t\t<a href=\"mailto:info@zoepnoebreathing.com\">\n\n\t\t\t\t\t\t\t\t\t\t\t\t<span class=\"elementor-icon-list-icon\">\n\t\t\t\t\t\t\t<i aria-hidden=\"true\" class=\"fas fa-envelope\"><\/i>\t\t\t\t\t\t<\/span>\n\t\t\t\t\t\t\t\t\t\t<span class=\"elementor-icon-list-text\"><\/span>\n\t\t\t\t\t\t\t\t\t\t\t<\/a>\n\t\t\t\t\t\t\t\t\t<\/li>\n\t\t\t\t\t\t\t\t<li class=\"elementor-icon-list-item elementor-inline-item\">\n\t\t\t\t\t\t\t\t\t\t\t<a href=\"https:\/\/www.linkedin.com\/in\/santosmariabreath\/\">\n\n\t\t\t\t\t\t\t\t\t\t\t\t<span class=\"elementor-icon-list-icon\">\n\t\t\t\t\t\t\t<i aria-hidden=\"true\" class=\"fab fa-linkedin\"><\/i>\t\t\t\t\t\t<\/span>\n\t\t\t\t\t\t\t\t\t\t<span class=\"elementor-icon-list-text\"><\/span>\n\t\t\t\t\t\t\t\t\t\t\t<\/a>\n\t\t\t\t\t\t\t\t\t<\/li>\n\t\t\t\t\t\t<\/ul>\n\t\t\t\t\t\t<\/div>\n\t\t\t\t<\/div>\n\t\t\t\t\t<\/div>\n\t\t<\/div>\n\t\t\t\t\t<\/div>\n\t\t<\/section>\n\t\t\t\t<\/div>\n\t\t","protected":false},"excerpt":{"rendered":"<p>Maria Santos Buteyko-Atmungsspezialistin Zeitgem\u00e4\u00df und einf\u00fchlsam und doch so notwendig, um nach Antworten auf die Frage der Gesundheit zu suchen. Die Frage der Heilung und die Suche nach Wegen zur Verbesserung meiner Gesundheit hat mich von klein auf interessiert. Als Kind litt ich oft an Atemwegserkrankungen und Allergien, was mich dazu veranlasste, verschiedene Methoden zu suchen und auszuprobieren ... <\/p>\n<p class=\"link-more\"><a href=\"http:\/\/zoepnoebreathing.com\/de\/maria-santos\/\" class=\"more-link\">Mehr <span class=\"screen-reader-text\">\u00fcber \"Maria Santos <\/span>Lesen Sie<\/a><\/p>","protected":false},"author":1,"featured_media":0,"parent":0,"menu_order":0,"comment_status":"closed","ping_status":"closed","template":"elementor_header_footer","meta":{"footnotes":""},"class_list":["post-165","page","type-page","status-publish","hentry"],"yoast_head":"<!-- This site is optimized with the Yoast SEO plugin v27.4 - https:\/\/yoast.com\/product\/yoast-seo-wordpress\/ -->\n<title>Maria Santos - Zoepnoe<\/title>\n<meta name=\"description\" content=\"\u0397 \u03ba\u03b1\u03b8\u03b7\u03bc\u03b5\u03c1\u03b9\u03bd\u03ae \u03b5\u03c6\u03b1\u03c1\u03bc\u03bf\u03b3\u03ae \u03c4\u03b7\u03c2 \u03b1\u03bd\u03b1\u03c0\u03bd\u03bf\u03ae\u03c2 Buteyko \u03b5\u03af\u03bd\u03b1\u03b9 \u03b5\u03cd\u03ba\u03bf\u03bb\u03b7 \u03ba\u03b1\u03b9 \u03bc\u03c0\u03bf\u03c1\u03b5\u03af \u03bd\u03b1 \u03bc\u03b1\u03c2 \u03c0\u03c1\u03bf\u03c3\u03c6\u03ad\u03c1\u03b5\u03b9 \u03c3\u03b7\u03bc\u03b1\u03bd\u03c4\u03b9\u03ba\u03ad\u03c2 \u03b2\u03b5\u03bb\u03c4\u03b9\u03c9\u03bc\u03ad\u03bd\u03b5\u03c2 \u03c3\u03c5\u03bd\u03b8\u03ae\u03ba\u03b5\u03c2 \u03b7\u03c1\u03b5\u03bc\u03af\u03b1\u03c2 \u03ba\u03b1\u03b9 \u03c5\u03b3\u03b5\u03af\u03b1\u03c2.\" \/>\n<meta name=\"robots\" content=\"index, follow, max-snippet:-1, max-image-preview:large, max-video-preview:-1\" \/>\n<link rel=\"canonical\" href=\"https:\/\/zoepnoebreathing.com\/de\/maria-santos\/\" \/>\n<meta property=\"og:locale\" content=\"de_DE\" \/>\n<meta property=\"og:type\" content=\"article\" \/>\n<meta property=\"og:title\" content=\"Maria Santos - Zoepnoe\" \/>\n<meta property=\"og:description\" content=\"\u0397 \u03ba\u03b1\u03b8\u03b7\u03bc\u03b5\u03c1\u03b9\u03bd\u03ae \u03b5\u03c6\u03b1\u03c1\u03bc\u03bf\u03b3\u03ae \u03c4\u03b7\u03c2 \u03b1\u03bd\u03b1\u03c0\u03bd\u03bf\u03ae\u03c2 Buteyko \u03b5\u03af\u03bd\u03b1\u03b9 \u03b5\u03cd\u03ba\u03bf\u03bb\u03b7 \u03ba\u03b1\u03b9 \u03bc\u03c0\u03bf\u03c1\u03b5\u03af \u03bd\u03b1 \u03bc\u03b1\u03c2 \u03c0\u03c1\u03bf\u03c3\u03c6\u03ad\u03c1\u03b5\u03b9 \u03c3\u03b7\u03bc\u03b1\u03bd\u03c4\u03b9\u03ba\u03ad\u03c2 \u03b2\u03b5\u03bb\u03c4\u03b9\u03c9\u03bc\u03ad\u03bd\u03b5\u03c2 \u03c3\u03c5\u03bd\u03b8\u03ae\u03ba\u03b5\u03c2 \u03b7\u03c1\u03b5\u03bc\u03af\u03b1\u03c2 \u03ba\u03b1\u03b9 \u03c5\u03b3\u03b5\u03af\u03b1\u03c2.\" \/>\n<meta property=\"og:url\" content=\"https:\/\/zoepnoebreathing.com\/de\/maria-santos\/\" \/>\n<meta property=\"og:site_name\" content=\"Zoepnoe\" \/>\n<meta property=\"article:modified_time\" content=\"2024-11-09T12:06:18+00:00\" \/>\n<meta property=\"og:image\" content=\"https:\/\/zoepnoebreathing.com\/wp-content\/uploads\/2023\/04\/maria-breathing.jpeg\" \/>\n<meta name=\"twitter:card\" content=\"summary_large_image\" \/>\n<meta name=\"twitter:label1\" content=\"Gesch\u00e4tzte Lesezeit\" \/>\n\t<meta name=\"twitter:data1\" content=\"2 minutes\" \/>\n<script type=\"application\/ld+json\" class=\"yoast-schema-graph\">{\"@context\":\"https:\\\/\\\/schema.org\",\"@graph\":[{\"@type\":\"WebPage\",\"@id\":\"https:\\\/\\\/zoepnoebreathing.com\\\/maria-santos\\\/\",\"url\":\"https:\\\/\\\/zoepnoebreathing.com\\\/maria-santos\\\/\",\"name\":\"Maria Santos - Zoepnoe\",\"isPartOf\":{\"@id\":\"http:\\\/\\\/zoepnoebreathing.com\\\/de\\\/#website\"},\"primaryImageOfPage\":{\"@id\":\"https:\\\/\\\/zoepnoebreathing.com\\\/maria-santos\\\/#primaryimage\"},\"image\":{\"@id\":\"https:\\\/\\\/zoepnoebreathing.com\\\/maria-santos\\\/#primaryimage\"},\"thumbnailUrl\":\"https:\\\/\\\/zoepnoebreathing.com\\\/wp-content\\\/uploads\\\/2023\\\/04\\\/maria-breathing.jpeg\",\"datePublished\":\"2023-03-22T18:47:29+00:00\",\"dateModified\":\"2024-11-09T12:06:18+00:00\",\"description\":\"\u0397 \u03ba\u03b1\u03b8\u03b7\u03bc\u03b5\u03c1\u03b9\u03bd\u03ae \u03b5\u03c6\u03b1\u03c1\u03bc\u03bf\u03b3\u03ae \u03c4\u03b7\u03c2 \u03b1\u03bd\u03b1\u03c0\u03bd\u03bf\u03ae\u03c2 Buteyko \u03b5\u03af\u03bd\u03b1\u03b9 \u03b5\u03cd\u03ba\u03bf\u03bb\u03b7 \u03ba\u03b1\u03b9 \u03bc\u03c0\u03bf\u03c1\u03b5\u03af \u03bd\u03b1 \u03bc\u03b1\u03c2 \u03c0\u03c1\u03bf\u03c3\u03c6\u03ad\u03c1\u03b5\u03b9 \u03c3\u03b7\u03bc\u03b1\u03bd\u03c4\u03b9\u03ba\u03ad\u03c2 \u03b2\u03b5\u03bb\u03c4\u03b9\u03c9\u03bc\u03ad\u03bd\u03b5\u03c2 \u03c3\u03c5\u03bd\u03b8\u03ae\u03ba\u03b5\u03c2 \u03b7\u03c1\u03b5\u03bc\u03af\u03b1\u03c2 \u03ba\u03b1\u03b9 \u03c5\u03b3\u03b5\u03af\u03b1\u03c2.\",\"breadcrumb\":{\"@id\":\"https:\\\/\\\/zoepnoebreathing.com\\\/maria-santos\\\/#breadcrumb\"},\"inLanguage\":\"de-DE\",\"potentialAction\":[{\"@type\":\"ReadAction\",\"target\":[\"https:\\\/\\\/zoepnoebreathing.com\\\/maria-santos\\\/\"]}]},{\"@type\":\"ImageObject\",\"inLanguage\":\"de-DE\",\"@id\":\"https:\\\/\\\/zoepnoebreathing.com\\\/maria-santos\\\/#primaryimage\",\"url\":\"https:\\\/\\\/zoepnoebreathing.com\\\/wp-content\\\/uploads\\\/2023\\\/04\\\/maria-breathing.jpeg\",\"contentUrl\":\"https:\\\/\\\/zoepnoebreathing.com\\\/wp-content\\\/uploads\\\/2023\\\/04\\\/maria-breathing.jpeg\"},{\"@type\":\"BreadcrumbList\",\"@id\":\"https:\\\/\\\/zoepnoebreathing.com\\\/maria-santos\\\/#breadcrumb\",\"itemListElement\":[{\"@type\":\"ListItem\",\"position\":1,\"name\":\"Home\",\"item\":\"https:\\\/\\\/zoepnoebreathing.com\\\/\"},{\"@type\":\"ListItem\",\"position\":2,\"name\":\"Maria Santos\"}]},{\"@type\":\"WebSite\",\"@id\":\"http:\\\/\\\/zoepnoebreathing.com\\\/de\\\/#website\",\"url\":\"http:\\\/\\\/zoepnoebreathing.com\\\/de\\\/\",\"name\":\"Zoe Pnoe Breathing\",\"description\":\"Learn the way of Buteyko breathing\",\"publisher\":{\"@id\":\"http:\\\/\\\/zoepnoebreathing.com\\\/de\\\/#organization\"},\"potentialAction\":[{\"@type\":\"SearchAction\",\"target\":{\"@type\":\"EntryPoint\",\"urlTemplate\":\"http:\\\/\\\/zoepnoebreathing.com\\\/de\\\/?s={search_term_string}\"},\"query-input\":{\"@type\":\"PropertyValueSpecification\",\"valueRequired\":true,\"valueName\":\"search_term_string\"}}],\"inLanguage\":\"de-DE\"},{\"@type\":\"Organization\",\"@id\":\"http:\\\/\\\/zoepnoebreathing.com\\\/de\\\/#organization\",\"name\":\"Zoe pnoe breathing\",\"url\":\"http:\\\/\\\/zoepnoebreathing.com\\\/de\\\/\",\"logo\":{\"@type\":\"ImageObject\",\"inLanguage\":\"de-DE\",\"@id\":\"http:\\\/\\\/zoepnoebreathing.com\\\/de\\\/#\\\/schema\\\/logo\\\/image\\\/\",\"url\":\"https:\\\/\\\/zoepnoebreathing.com\\\/wp-content\\\/uploads\\\/2023\\\/03\\\/pnoe-zoe_logo-end-_-1-color_transparent.png\",\"contentUrl\":\"https:\\\/\\\/zoepnoebreathing.com\\\/wp-content\\\/uploads\\\/2023\\\/03\\\/pnoe-zoe_logo-end-_-1-color_transparent.png\",\"width\":510,\"height\":435,\"caption\":\"Zoe pnoe breathing\"},\"image\":{\"@id\":\"http:\\\/\\\/zoepnoebreathing.com\\\/de\\\/#\\\/schema\\\/logo\\\/image\\\/\"}}]}<\/script>\n<!-- \/ Yoast SEO plugin. -->","yoast_head_json":{"title":"Maria Santos - Zoepnea","description":"Die t\u00e4gliche Anwendung der Buteyko-Atmung ist einfach und kann zu einer deutlichen Verbesserung von Gelassenheit und Gesundheit f\u00fchren.","robots":{"index":"index","follow":"follow","max-snippet":"max-snippet:-1","max-image-preview":"max-image-preview:large","max-video-preview":"max-video-preview:-1"},"canonical":"https:\/\/zoepnoebreathing.com\/de\/maria-santos\/","og_locale":"de_DE","og_type":"article","og_title":"Maria Santos - Zoepnoe","og_description":"\u0397 \u03ba\u03b1\u03b8\u03b7\u03bc\u03b5\u03c1\u03b9\u03bd\u03ae \u03b5\u03c6\u03b1\u03c1\u03bc\u03bf\u03b3\u03ae \u03c4\u03b7\u03c2 \u03b1\u03bd\u03b1\u03c0\u03bd\u03bf\u03ae\u03c2 Buteyko \u03b5\u03af\u03bd\u03b1\u03b9 \u03b5\u03cd\u03ba\u03bf\u03bb\u03b7 \u03ba\u03b1\u03b9 \u03bc\u03c0\u03bf\u03c1\u03b5\u03af \u03bd\u03b1 \u03bc\u03b1\u03c2 \u03c0\u03c1\u03bf\u03c3\u03c6\u03ad\u03c1\u03b5\u03b9 \u03c3\u03b7\u03bc\u03b1\u03bd\u03c4\u03b9\u03ba\u03ad\u03c2 \u03b2\u03b5\u03bb\u03c4\u03b9\u03c9\u03bc\u03ad\u03bd\u03b5\u03c2 \u03c3\u03c5\u03bd\u03b8\u03ae\u03ba\u03b5\u03c2 \u03b7\u03c1\u03b5\u03bc\u03af\u03b1\u03c2 \u03ba\u03b1\u03b9 \u03c5\u03b3\u03b5\u03af\u03b1\u03c2.","og_url":"https:\/\/zoepnoebreathing.com\/de\/maria-santos\/","og_site_name":"Zoepnoe","article_modified_time":"2024-11-09T12:06:18+00:00","og_image":[{"url":"https:\/\/zoepnoebreathing.com\/wp-content\/uploads\/2023\/04\/maria-breathing.jpeg","type":"","width":"","height":""}],"twitter_card":"summary_large_image","twitter_misc":{"Gesch\u00e4tzte Lesezeit":"2 minutes"},"schema":{"@context":"https:\/\/schema.org","@graph":[{"@type":"WebPage","@id":"https:\/\/zoepnoebreathing.com\/maria-santos\/","url":"https:\/\/zoepnoebreathing.com\/maria-santos\/","name":"Maria Santos - Zoepnea","isPartOf":{"@id":"http:\/\/zoepnoebreathing.com\/de\/#website"},"primaryImageOfPage":{"@id":"https:\/\/zoepnoebreathing.com\/maria-santos\/#primaryimage"},"image":{"@id":"https:\/\/zoepnoebreathing.com\/maria-santos\/#primaryimage"},"thumbnailUrl":"https:\/\/zoepnoebreathing.com\/wp-content\/uploads\/2023\/04\/maria-breathing.jpeg","datePublished":"2023-03-22T18:47:29+00:00","dateModified":"2024-11-09T12:06:18+00:00","description":"Die t\u00e4gliche Anwendung der Buteyko-Atmung ist einfach und kann zu einer deutlichen Verbesserung von Gelassenheit und Gesundheit f\u00fchren.","breadcrumb":{"@id":"https:\/\/zoepnoebreathing.com\/maria-santos\/#breadcrumb"},"inLanguage":"de-DE","potentialAction":[{"@type":"ReadAction","target":["https:\/\/zoepnoebreathing.com\/maria-santos\/"]}]},{"@type":"ImageObject","inLanguage":"de-DE","@id":"https:\/\/zoepnoebreathing.com\/maria-santos\/#primaryimage","url":"https:\/\/zoepnoebreathing.com\/wp-content\/uploads\/2023\/04\/maria-breathing.jpeg","contentUrl":"https:\/\/zoepnoebreathing.com\/wp-content\/uploads\/2023\/04\/maria-breathing.jpeg"},{"@type":"BreadcrumbList","@id":"https:\/\/zoepnoebreathing.com\/maria-santos\/#breadcrumb","itemListElement":[{"@type":"ListItem","position":1,"name":"Home","item":"https:\/\/zoepnoebreathing.com\/"},{"@type":"ListItem","position":2,"name":"Maria Santos"}]},{"@type":"WebSite","@id":"http:\/\/zoepnoebreathing.com\/de\/#website","url":"http:\/\/zoepnoebreathing.com\/de\/","name":"Zoe Pnoe Atmen","description":"Lernen Sie den Weg der Buteyko-Atmung","publisher":{"@id":"http:\/\/zoepnoebreathing.com\/de\/#organization"},"potentialAction":[{"@type":"SearchAction","target":{"@type":"EntryPoint","urlTemplate":"http:\/\/zoepnoebreathing.com\/de\/?s={search_term_string}"},"query-input":{"@type":"PropertyValueSpecification","valueRequired":true,"valueName":"search_term_string"}}],"inLanguage":"de-DE"},{"@type":"Organization","@id":"http:\/\/zoepnoebreathing.com\/de\/#organization","name":"Zoe pnoe atmet","url":"http:\/\/zoepnoebreathing.com\/de\/","logo":{"@type":"ImageObject","inLanguage":"de-DE","@id":"http:\/\/zoepnoebreathing.com\/de\/#\/schema\/logo\/image\/","url":"https:\/\/zoepnoebreathing.com\/wp-content\/uploads\/2023\/03\/pnoe-zoe_logo-end-_-1-color_transparent.png","contentUrl":"https:\/\/zoepnoebreathing.com\/wp-content\/uploads\/2023\/03\/pnoe-zoe_logo-end-_-1-color_transparent.png","width":510,"height":435,"caption":"Zoe pnoe breathing"},"image":{"@id":"http:\/\/zoepnoebreathing.com\/de\/#\/schema\/logo\/image\/"}}]}},"_links":{"self":[{"href":"http:\/\/zoepnoebreathing.com\/de\/wp-json\/wp\/v2\/pages\/165","targetHints":{"allow":["GET"]}}],"collection":[{"href":"http:\/\/zoepnoebreathing.com\/de\/wp-json\/wp\/v2\/pages"}],"about":[{"href":"http:\/\/zoepnoebreathing.com\/de\/wp-json\/wp\/v2\/types\/page"}],"author":[{"embeddable":true,"href":"http:\/\/zoepnoebreathing.com\/de\/wp-json\/wp\/v2\/users\/1"}],"replies":[{"embeddable":true,"href":"http:\/\/zoepnoebreathing.com\/de\/wp-json\/wp\/v2\/comments?post=165"}],"version-history":[{"count":5,"href":"http:\/\/zoepnoebreathing.com\/de\/wp-json\/wp\/v2\/pages\/165\/revisions"}],"predecessor-version":[{"id":3167,"href":"http:\/\/zoepnoebreathing.com\/de\/wp-json\/wp\/v2\/pages\/165\/revisions\/3167"}],"wp:attachment":[{"href":"http:\/\/zoepnoebreathing.com\/de\/wp-json\/wp\/v2\/media?parent=165"}],"curies":[{"name":"wp","href":"https:\/\/api.w.org\/{rel}","templated":true}]}}