{"id":1438,"date":"2023-05-18T10:42:11","date_gmt":"2023-05-18T10:42:11","guid":{"rendered":"https:\/\/zoepnoebreathing.com\/?page_id=1438"},"modified":"2024-08-06T12:25:05","modified_gmt":"2024-08-06T12:25:05","slug":"buteyko-atmung","status":"publish","type":"page","link":"http:\/\/zoepnoebreathing.com\/de\/%ce%b1%ce%bd%ce%b1%cf%80%ce%bd%ce%bf%ce%ae-buteyko\/","title":{"rendered":"Dr.K.P.Buteyko"},"content":{"rendered":"\t\t<div data-elementor-type=\"wp-page\" data-elementor-id=\"1438\" class=\"elementor elementor-1438\" data-elementor-post-type=\"page\">\n\t\t\t\t\t\t<section class=\"elementor-section elementor-top-section elementor-element elementor-element-0fadbee elementor-section-height-min-height elementor-section-boxed elementor-section-height-default elementor-section-items-middle\" data-id=\"0fadbee\" data-element_type=\"section\" data-e-type=\"section\" data-settings=\"{&quot;background_background&quot;:&quot;classic&quot;,&quot;shape_divider_bottom_negative&quot;:&quot;yes&quot;,&quot;background_motion_fx_motion_fx_scrolling&quot;:&quot;yes&quot;,&quot;shape_divider_bottom&quot;:&quot;split&quot;,&quot;background_motion_fx_devices&quot;:[&quot;desktop&quot;,&quot;tablet&quot;,&quot;mobile&quot;]}\">\n\t\t\t\t\t\t\t<div class=\"elementor-background-overlay\"><\/div>\n\t\t\t\t\t\t<div class=\"elementor-shape elementor-shape-bottom\" aria-hidden=\"true\" data-negative=\"true\">\n\t\t\t<svg xmlns=\"http:\/\/www.w3.org\/2000\/svg\" viewBox=\"0 0 1000 20\" preserveAspectRatio=\"none\">\n\t<path class=\"elementor-shape-fill\" d=\"M519.8,0.2c-11,0-19.8,8.5-19.8,19c0-10.4-8.8-19-19.8-19L0,0v20h1000V0.2H519.8z\"\/>\n<\/svg>\t\t<\/div>\n\t\t\t\t\t<div class=\"elementor-container elementor-column-gap-wider\">\n\t\t\t\t\t<div class=\"elementor-column elementor-col-100 elementor-top-column elementor-element elementor-element-50b87b7\" data-id=\"50b87b7\" data-element_type=\"column\" data-e-type=\"column\">\n\t\t\t<div class=\"elementor-widget-wrap elementor-element-populated\">\n\t\t\t\t\t\t<div class=\"elementor-element elementor-element-3cd0f4c elementor-invisible elementor-widget elementor-widget-heading\" data-id=\"3cd0f4c\" data-element_type=\"widget\" data-e-type=\"widget\" data-settings=\"{&quot;_animation&quot;:&quot;fadeInDown&quot;}\" data-widget_type=\"heading.default\">\n\t\t\t\t<div class=\"elementor-widget-container\">\n\t\t\t\t\t<h2 class=\"elementor-heading-title elementor-size-default\">Dr. Konstantin Pavlovich Buteyko<\/h2>\t\t\t\t<\/div>\n\t\t\t\t<\/div>\n\t\t\t\t<div class=\"elementor-element elementor-element-f2108fd elementor-invisible elementor-widget elementor-widget-text-editor\" data-id=\"f2108fd\" data-element_type=\"widget\" data-e-type=\"widget\" data-settings=\"{&quot;_animation&quot;:&quot;fadeInUp&quot;}\" data-widget_type=\"text-editor.default\">\n\t\t\t\t<div class=\"elementor-widget-container\">\n\t\t\t\t\t\t\t\t\t<p>\u039c\u03b9\u03b1 \u03b1\u03bd\u03b1\u03ba\u03ac\u03bb\u03c5\u03c8\u03b7 \u03b3\u03b9\u03b1 \u03c4\u03b7\u03bd \u03b1\u03bd\u03b8\u03c1\u03c9\u03c0\u03cc\u03c4\u03b7\u03c4\u03b1<\/p>\t\t\t\t\t\t\t\t<\/div>\n\t\t\t\t<\/div>\n\t\t\t\t\t<\/div>\n\t\t<\/div>\n\t\t\t\t\t<\/div>\n\t\t<\/section>\n\t\t<div class=\"elementor-element elementor-element-b43e2fb e-flex e-con-boxed e-con e-parent\" data-id=\"b43e2fb\" data-element_type=\"container\" data-e-type=\"container\">\n\t\t\t\t\t<div class=\"e-con-inner\">\n\t\t<div class=\"elementor-element elementor-element-01b7fa0 e-con-full e-flex e-con e-child\" data-id=\"01b7fa0\" data-element_type=\"container\" data-e-type=\"container\">\n\t\t\t\t<div class=\"elementor-element elementor-element-22fdf53 elementor-widget elementor-widget-text-editor\" data-id=\"22fdf53\" data-element_type=\"widget\" data-e-type=\"widget\" data-widget_type=\"text-editor.default\">\n\t\t\t\t<div class=\"elementor-widget-container\">\n\t\t\t\t\t\t\t\t\t<p>\u03a4\u03bf 1952, \u03bf \u03a1\u03ce\u03c3\u03bf\u03c2 \u03b9\u03b1\u03c4\u03c1\u03cc\u03c2 \u03ba\u03b1\u03b9 \u03b5\u03c0\u03b9\u03c3\u03c4\u03ae\u03bc\u03bf\u03bd\u03b1\u03c2 Dr. Konstantin Buteyko, \u03b8\u03b5\u03bc\u03b5\u03bb\u03b9\u03ce\u03bd\u03b5\u03b9 \u03c4\u03b7 \u03b8\u03b5\u03c9\u03c1\u03af\u03b1 \u03c3\u03cd\u03bc\u03c6\u03c9\u03bd\u03b1 \u03bc\u03b5 \u03c4\u03b7\u03bd \u03bf\u03c0\u03bf\u03af\u03b1 \u03bf\u03b9 \u03b4\u03b9\u03ac\u03c6\u03bf\u03c1\u03b5\u03c2 \u03b1\u03c3\u03b8\u03ad\u03bd\u03b5\u03b9\u03b5\u03c2 \u03ba\u03b1\u03b9 \u03c7\u03c1\u03cc\u03bd\u03b9\u03b5\u03c2 \u03c0\u03b1\u03b8\u03ae\u03c3\u03b5\u03b9\u03c2 \u03b5\u03bc\u03c6\u03b1\u03bd\u03af\u03b6\u03bf\u03bd\u03c4\u03b1\u03b9 \u03c9\u03c2 \u03b1\u03c0\u03bf\u03c4\u03ad\u03bb\u03b5\u03c3\u03bc\u03b1 \u03c4\u03bf\u03c5 \u03c5\u03c0\u03b5\u03c1\u03b1\u03b5\u03c1\u03b9\u03c3\u03bc\u03bf\u03cd \u03c4\u03c9\u03bd \u03c0\u03bd\u03b5\u03c5\u03bc\u03cc\u03bd\u03c9\u03bd. \u0397 \u03bc\u03ad\u03b8\u03bf\u03b4\u03bf\u03c2 \u03b1\u03bd\u03b1\u03b3\u03bd\u03c9\u03c1\u03af\u03c3\u03c4\u03b7\u03ba\u03b5 \u03bc\u03b5\u03c4\u03ac \u03b1\u03c0\u03cc \u03b4\u03b5\u03ba\u03b1\u03b5\u03c4\u03b5\u03af\u03c2 \u03b5\u03c1\u03b3\u03b1\u03c3\u03c4\u03b7\u03c1\u03b9\u03b1\u03ba\u03ad\u03c2 \u03ba\u03b1\u03b9 \u03ba\u03bb\u03b9\u03bd\u03b9\u03ba\u03ad\u03c2 \u03b1\u03ba\u03b1\u03b4\u03b7\u03bc\u03b1\u03ca\u03ba\u03ad\u03c2 \u03ad\u03c1\u03b5\u03c5\u03bd\u03b5\u03c2 \u03b1\u03c0\u03cc \u03c4\u03bf \u03a5\u03c0\u03bf\u03c5\u03c1\u03b3\u03b5\u03af\u03bf \u03a5\u03b3\u03b5\u03af\u03b1\u03c2 \u03ba\u03b1\u03b9 \u03c4\u03b7\u03bd \u0399\u03b1\u03c4\u03c1\u03b9\u03ba\u03ae \u0391\u03ba\u03b1\u03b4\u03b7\u03bc\u03af\u03b1 \u03c4\u03b7\u03c2 \u03a1\u03c9\u03c3\u03af\u03b1\u03c2.<\/p><p>\u039f\u03b9 \u03ad\u03c1\u03b5\u03c5\u03bd\u03b5\u03c2 \u03c4\u03b7\u03c2 \u03c3\u03b7\u03bc\u03b1\u03bd\u03c4\u03b9\u03ba\u03ae\u03c2 \u03c4\u03bf\u03c5 \u03b1\u03bd\u03b1\u03ba\u03ac\u03bb\u03c5\u03c8\u03b7\u03c2 \u03c4\u03b5\u03ba\u03bc\u03b7\u03c1\u03b9\u03ce\u03bd\u03bf\u03c5\u03bd \u03b3\u03b9\u03b1\u03c4\u03af \u03bf\u03b9 \u03b2\u03b1\u03b8\u03b9\u03ad\u03c2 \u03b1\u03bd\u03b1\u03c0\u03bd\u03bf\u03ad\u03c2 \u03b2\u03bb\u03ac\u03c0\u03c4\u03bf\u03c5\u03bd \u03ba\u03b1\u03b9 \u03b1\u03c0\u03bf\u03b4\u03b5\u03b9\u03ba\u03bd\u03cd\u03bf\u03c5\u03bd \u03cc\u03c4\u03b9 \u03b3\u03b9\u03b1 \u03bd\u03b1 \u03bc\u03c0\u03bf\u03c1\u03b5\u03af \u03bf \u03bf\u03c1\u03b3\u03b1\u03bd\u03b9\u03c3\u03bc\u03cc\u03c2 \u03bd\u03b1 \u03b5\u03be\u03b1\u03c3\u03c6\u03b1\u03bb\u03af\u03c3\u03b5\u03b9 \u03c4\u03b7\u03bd \u03bf\u03bc\u03bf\u03b9\u03cc\u03c3\u03c4\u03b1\u03c3\u03b7 \u03cc\u03bb\u03c9\u03bd \u03c4\u03c9\u03bd \u03bb\u03b5\u03b9\u03c4\u03bf\u03c5\u03c1\u03b3\u03b9\u03ce\u03bd \u03c4\u03bf\u03c5, \u03b5\u03af\u03bd\u03b1\u03b9 \u03b1\u03bd\u03b1\u03b3\u03ba\u03b1\u03af\u03b1 <strong>\u03b7 \u03c6\u03c5\u03c3\u03b9\u03bf\u03bb\u03bf\u03b3\u03b9\u03ba\u03ae \u03b1\u03bd\u03b1\u03bb\u03bf\u03b3\u03af\u03b1 \u03c4\u03bf\u03c5 \u03bf\u03be\u03c5\u03b3\u03cc\u03bd\u03bf\u03c5 \u03ba\u03b1\u03b9 \u03c4\u03bf\u03c5 \u03b4\u03b9\u03bf\u03be\u03b5\u03b9\u03b4\u03af\u03bf\u03c5 \u03c4\u03bf\u03c5 \u03ac\u03bd\u03b8\u03c1\u03b1\u03ba\u03b1<\/strong>.<\/p><p>\u03a3\u03ae\u03bc\u03b5\u03c1\u03b1 \u03b5\u03c6\u03b1\u03c1\u03bc\u03cc\u03b6\u03b5\u03c4\u03b1\u03b9 \u03c9\u03c2 \u03c3\u03c5\u03bc\u03c0\u03bb\u03b7\u03c1\u03c9\u03bc\u03b1\u03c4\u03b9\u03ba\u03ae \u03b8\u03b5\u03c1\u03b1\u03c0\u03b5\u03af\u03b1 \u03c3\u03b5 \u03cc\u03bb\u03bf \u03c4\u03bf\u03bd \u03ba\u03cc\u03c3\u03bc\u03bf. \u0392\u03ac\u03c3\u03b7 \u03c4\u03c9\u03bd \u03c0\u03ac\u03bd\u03c9 \u03b1\u03c0\u03cc 30 \u03c7\u03c1\u03cc\u03bd\u03c9\u03bd \u03ba\u03bb\u03b9\u03bd\u03b9\u03ba\u03ce\u03bd \u03b5\u03c1\u03b5\u03c5\u03bd\u03ce\u03bd \u03c4\u03bf\u03c5, \u03b1\u03c0\u03ad\u03b4\u03b5\u03b9\u03be\u03b5 <strong>\u03c4\u03bf \u03c3\u03b7\u03bc\u03b1\u03bd\u03c4\u03b9\u03ba\u03cc \u03c1\u03cc\u03bb\u03bf \u03c0\u03bf\u03c5 \u03c0\u03b1\u03af\u03b6\u03b5\u03b9 \u03c4\u03bf CO<sub>2<\/sub> \u03c3\u03c4\u03b7\u03bd \u03bf\u03bc\u03bf\u03b9\u03cc\u03c3\u03c4\u03b1\u03c3\u03b7 <\/strong>\u03cc\u03bb\u03c9\u03bd \u03c4\u03c9\u03bd \u03bc\u03b7\u03c7\u03b1\u03bd\u03b9\u03c3\u03bc\u03ce\u03bd \u03c4\u03bf\u03c5 \u03bf\u03c1\u03b3\u03b1\u03bd\u03b9\u03c3\u03bc\u03bf\u03cd.<\/p>\t\t\t\t\t\t\t\t<\/div>\n\t\t\t\t<\/div>\n\t\t\t\t<div class=\"elementor-element elementor-element-e336c1a elementor-align-left elementor-widget elementor-widget-button\" data-id=\"e336c1a\" data-element_type=\"widget\" data-e-type=\"widget\" data-widget_type=\"button.default\">\n\t\t\t\t<div class=\"elementor-widget-container\">\n\t\t\t\t\t\t\t\t\t<div class=\"elementor-button-wrapper\">\n\t\t\t\t\t<a class=\"elementor-button elementor-button-link elementor-size-sm\" href=\"https:\/\/zoepnoebreathing.com\/%ce%bf-%cf%81%cf%8c%ce%bb%ce%bf%cf%82-%cf%84%ce%bf%cf%85-co2-%cf%83%cf%84%ce%b7%ce%bd-%ce%b1%ce%bd%ce%b1%cf%80%ce%bd%ce%bf%ce%ae\/\">\n\t\t\t\t\t\t<span class=\"elementor-button-content-wrapper\">\n\t\t\t\t\t\t\t\t\t<span class=\"elementor-button-text\">\u039c\u03ac\u03b8\u03b5\u03c4\u03b5 \u03c0\u03b5\u03c1\u03b9\u03c3\u03c3\u03cc\u03c4\u03b5\u03c1\u03b1<\/span>\n\t\t\t\t\t<\/span>\n\t\t\t\t\t<\/a>\n\t\t\t\t<\/div>\n\t\t\t\t\t\t\t\t<\/div>\n\t\t\t\t<\/div>\n\t\t\t\t<\/div>\n\t\t<div class=\"elementor-element elementor-element-d9ffb2d e-con-full e-flex e-con e-child\" data-id=\"d9ffb2d\" data-element_type=\"container\" data-e-type=\"container\">\n\t\t\t\t<div class=\"elementor-element elementor-element-3266ea9 elementor-widget elementor-widget-image\" data-id=\"3266ea9\" data-element_type=\"widget\" data-e-type=\"widget\" data-widget_type=\"image.default\">\n\t\t\t\t<div class=\"elementor-widget-container\">\n\t\t\t\t\t\t\t\t\t\t\t\t\t\t\t<img fetchpriority=\"high\" decoding=\"async\" width=\"375\" height=\"275\" src=\"https:\/\/zoepnoebreathing.com\/wp-content\/uploads\/2023\/05\/Buteyko-and-doctors.png\" class=\"attachment-full size-full wp-image-836\" alt=\"\" srcset=\"https:\/\/zoepnoebreathing.com\/wp-content\/uploads\/2023\/05\/Buteyko-and-doctors.png 375w, https:\/\/zoepnoebreathing.com\/wp-content\/uploads\/2023\/05\/Buteyko-and-doctors-300x220.png 300w, https:\/\/zoepnoebreathing.com\/wp-content\/uploads\/2023\/05\/Buteyko-and-doctors-16x12.png 16w\" sizes=\"100vw\" \/>\t\t\t\t\t\t\t\t\t\t\t\t\t\t\t<\/div>\n\t\t\t\t<\/div>\n\t\t\t\t<div class=\"elementor-element elementor-element-8e1d548 elementor-widget elementor-widget-image\" data-id=\"8e1d548\" data-element_type=\"widget\" data-e-type=\"widget\" data-widget_type=\"image.default\">\n\t\t\t\t<div class=\"elementor-widget-container\">\n\t\t\t\t\t\t\t\t\t\t\t\t\t\t\t<img decoding=\"async\" width=\"500\" height=\"500\" src=\"https:\/\/zoepnoebreathing.com\/wp-content\/uploads\/2024\/01\/viber_image_2023-12-21_15-00-40-279.jpg\" class=\"attachment-full size-full wp-image-2879\" alt=\"\" srcset=\"https:\/\/zoepnoebreathing.com\/wp-content\/uploads\/2024\/01\/viber_image_2023-12-21_15-00-40-279.jpg 500w, https:\/\/zoepnoebreathing.com\/wp-content\/uploads\/2024\/01\/viber_image_2023-12-21_15-00-40-279-300x300.jpg 300w, https:\/\/zoepnoebreathing.com\/wp-content\/uploads\/2024\/01\/viber_image_2023-12-21_15-00-40-279-150x150.jpg 150w, https:\/\/zoepnoebreathing.com\/wp-content\/uploads\/2024\/01\/viber_image_2023-12-21_15-00-40-279-12x12.jpg 12w\" sizes=\"100vw\" \/>\t\t\t\t\t\t\t\t\t\t\t\t\t\t\t<\/div>\n\t\t\t\t<\/div>\n\t\t\t\t<\/div>\n\t\t\t\t\t<\/div>\n\t\t\t\t<\/div>\n\t\t\t\t<\/div>\n\t\t","protected":false},"excerpt":{"rendered":"<p>Dr. Konstantin Pavlovich Buteyko Eine Entdeckung f\u00fcr die Menschheit 1952 begr\u00fcndete der russische Arzt und Wissenschaftler Dr. Konstantin Buteyko die Theorie, wonach verschiedene Krankheiten und chronische Zust\u00e4nde durch Hyperventilation der Lunge verursacht werden. Die Methode wurde nach jahrzehntelanger akademischer Forschung im Labor und in der Klinik vom Gesundheitsministerium anerkannt und ... <\/p>\n<p class=\"link-more\"><a href=\"http:\/\/zoepnoebreathing.com\/de\/%ce%b1%ce%bd%ce%b1%cf%80%ce%bd%ce%bf%ce%ae-buteyko\/\" class=\"more-link\">Mehr <span class=\"screen-reader-text\">\u00fcber \"Dr.K.P.Buteyko\" <\/span>Lesen Sie<\/a><\/p>","protected":false},"author":1,"featured_media":0,"parent":0,"menu_order":0,"comment_status":"closed","ping_status":"closed","template":"elementor_header_footer","meta":{"footnotes":""},"class_list":["post-1438","page","type-page","status-publish","hentry"],"yoast_head":"<!-- This site is optimized with the Yoast SEO plugin v27.4 - https:\/\/yoast.com\/product\/yoast-seo-wordpress\/ -->\n<title>Dr.K.P.Buteyko - Zoepnoe<\/title>\n<meta name=\"description\" content=\"\u03a4\u03b1 \u03bf\u03c6\u03ad\u03bb\u03b7 \u03c4\u03b7\u03c2 \u03c3\u03c9\u03c3\u03c4\u03ae\u03c2 \u03b1\u03bd\u03b1\u03c0\u03bd\u03bf\u03ae\u03c2 \u03b5\u03af\u03bd\u03b1\u03b9 \u03c0\u03bf\u03bb\u03bb\u03ac \u03b3\u03b9\u03b1 \u03c4\u03b7\u03bd \u03c5\u03b3\u03b5\u03af\u03b1 \u03c4\u03bf\u03c5 \u03b1\u03bd\u03b8\u03c1\u03ce\u03c0\u03bf\u03c5. \u0397 \u03bc\u03ad\u03b8\u03bf\u03b4\u03bf\u03c2 \u03b1\u03bd\u03b1\u03c0\u03bd\u03bf\u03ae\u03c2 Buteyko \u03c0\u03c1\u03bf\u03c3\u03c6\u03ad\u03c1\u03b5\u03b9 \u03c4\u03bf\u03bd \u03c4\u03c1\u03cc\u03c0\u03bf \u03bf \u03ba\u03ac\u03b8\u03b5 \u03ac\u03bd\u03b8\u03c1\u03c9\u03c0\u03bf\u03c2 \u03bd\u03b1 \u03bc\u03c0\u03bf\u03c1\u03b5\u03af \u03bd\u03b1 \u03b5\u03bb\u03ad\u03b3\u03c7\u03b5\u03b9 \u03c4\u03b7\u03bd \u03c5\u03b3\u03b5\u03af\u03b1 \u03c4\u03bf\u03c5. \u0397 \u03bc\u03ad\u03b8\u03bf\u03b4\u03bf\u03c2 \u03b1\u03bd\u03b1\u03c0\u03bd\u03bf\u03ae\u03c2 Buteyko \u03b5\u03af\u03bd\u03b1\u03b9 \u03b5\u03cd\u03ba\u03bf\u03bb\u03b7 \u03b5\u03c6\u03b1\u03c1\u03bc\u03cc\u03c3\u03b9\u03bc\u03b7 \u03c3\u03c4\u03b7\u03bd \u03ba\u03b1\u03b8\u03b7\u03bc\u03b5\u03c1\u03b9\u03bd\u03cc\u03c4\u03b7\u03c4\u03b1.\" \/>\n<meta name=\"robots\" content=\"index, follow, max-snippet:-1, max-image-preview:large, max-video-preview:-1\" \/>\n<link rel=\"canonical\" href=\"https:\/\/zoepnoebreathing.com\/de\/dr-k-p-buteyko\/\" \/>\n<meta property=\"og:locale\" content=\"de_DE\" \/>\n<meta property=\"og:type\" content=\"article\" \/>\n<meta property=\"og:title\" content=\"Dr.K.P.Buteyko - Zoepnoe\" \/>\n<meta property=\"og:description\" content=\"\u03a4\u03b1 \u03bf\u03c6\u03ad\u03bb\u03b7 \u03c4\u03b7\u03c2 \u03c3\u03c9\u03c3\u03c4\u03ae\u03c2 \u03b1\u03bd\u03b1\u03c0\u03bd\u03bf\u03ae\u03c2 \u03b5\u03af\u03bd\u03b1\u03b9 \u03c0\u03bf\u03bb\u03bb\u03ac \u03b3\u03b9\u03b1 \u03c4\u03b7\u03bd \u03c5\u03b3\u03b5\u03af\u03b1 \u03c4\u03bf\u03c5 \u03b1\u03bd\u03b8\u03c1\u03ce\u03c0\u03bf\u03c5. \u0397 \u03bc\u03ad\u03b8\u03bf\u03b4\u03bf\u03c2 \u03b1\u03bd\u03b1\u03c0\u03bd\u03bf\u03ae\u03c2 Buteyko \u03c0\u03c1\u03bf\u03c3\u03c6\u03ad\u03c1\u03b5\u03b9 \u03c4\u03bf\u03bd \u03c4\u03c1\u03cc\u03c0\u03bf \u03bf \u03ba\u03ac\u03b8\u03b5 \u03ac\u03bd\u03b8\u03c1\u03c9\u03c0\u03bf\u03c2 \u03bd\u03b1 \u03bc\u03c0\u03bf\u03c1\u03b5\u03af \u03bd\u03b1 \u03b5\u03bb\u03ad\u03b3\u03c7\u03b5\u03b9 \u03c4\u03b7\u03bd \u03c5\u03b3\u03b5\u03af\u03b1 \u03c4\u03bf\u03c5. \u0397 \u03bc\u03ad\u03b8\u03bf\u03b4\u03bf\u03c2 \u03b1\u03bd\u03b1\u03c0\u03bd\u03bf\u03ae\u03c2 Buteyko \u03b5\u03af\u03bd\u03b1\u03b9 \u03b5\u03cd\u03ba\u03bf\u03bb\u03b7 \u03b5\u03c6\u03b1\u03c1\u03bc\u03cc\u03c3\u03b9\u03bc\u03b7 \u03c3\u03c4\u03b7\u03bd \u03ba\u03b1\u03b8\u03b7\u03bc\u03b5\u03c1\u03b9\u03bd\u03cc\u03c4\u03b7\u03c4\u03b1.\" \/>\n<meta property=\"og:url\" content=\"https:\/\/zoepnoebreathing.com\/de\/dr-k-p-buteyko\/\" \/>\n<meta property=\"og:site_name\" content=\"Zoepnoe\" \/>\n<meta property=\"article:modified_time\" content=\"2024-08-06T12:25:05+00:00\" \/>\n<meta property=\"og:image\" content=\"https:\/\/zoepnoebreathing.com\/wp-content\/uploads\/2023\/05\/Buteyko-and-doctors.png\" \/>\n<meta name=\"twitter:card\" content=\"summary_large_image\" \/>\n<meta name=\"twitter:label1\" content=\"Gesch\u00e4tzte Lesezeit\" \/>\n\t<meta name=\"twitter:data1\" content=\"1 minute\" \/>\n<script type=\"application\/ld+json\" class=\"yoast-schema-graph\">{\"@context\":\"https:\\\/\\\/schema.org\",\"@graph\":[{\"@type\":\"WebPage\",\"@id\":\"https:\\\/\\\/zoepnoebreathing.com\\\/dr-k-p-buteyko\\\/\",\"url\":\"https:\\\/\\\/zoepnoebreathing.com\\\/dr-k-p-buteyko\\\/\",\"name\":\"Dr.K.P.Buteyko - Zoepnoe\",\"isPartOf\":{\"@id\":\"http:\\\/\\\/zoepnoebreathing.com\\\/de\\\/#website\"},\"primaryImageOfPage\":{\"@id\":\"https:\\\/\\\/zoepnoebreathing.com\\\/dr-k-p-buteyko\\\/#primaryimage\"},\"image\":{\"@id\":\"https:\\\/\\\/zoepnoebreathing.com\\\/dr-k-p-buteyko\\\/#primaryimage\"},\"thumbnailUrl\":\"https:\\\/\\\/zoepnoebreathing.com\\\/wp-content\\\/uploads\\\/2023\\\/05\\\/Buteyko-and-doctors.png\",\"datePublished\":\"2023-05-18T10:42:11+00:00\",\"dateModified\":\"2024-08-06T12:25:05+00:00\",\"description\":\"\u03a4\u03b1 \u03bf\u03c6\u03ad\u03bb\u03b7 \u03c4\u03b7\u03c2 \u03c3\u03c9\u03c3\u03c4\u03ae\u03c2 \u03b1\u03bd\u03b1\u03c0\u03bd\u03bf\u03ae\u03c2 \u03b5\u03af\u03bd\u03b1\u03b9 \u03c0\u03bf\u03bb\u03bb\u03ac \u03b3\u03b9\u03b1 \u03c4\u03b7\u03bd \u03c5\u03b3\u03b5\u03af\u03b1 \u03c4\u03bf\u03c5 \u03b1\u03bd\u03b8\u03c1\u03ce\u03c0\u03bf\u03c5. \u0397 \u03bc\u03ad\u03b8\u03bf\u03b4\u03bf\u03c2 \u03b1\u03bd\u03b1\u03c0\u03bd\u03bf\u03ae\u03c2 Buteyko \u03c0\u03c1\u03bf\u03c3\u03c6\u03ad\u03c1\u03b5\u03b9 \u03c4\u03bf\u03bd \u03c4\u03c1\u03cc\u03c0\u03bf \u03bf \u03ba\u03ac\u03b8\u03b5 \u03ac\u03bd\u03b8\u03c1\u03c9\u03c0\u03bf\u03c2 \u03bd\u03b1 \u03bc\u03c0\u03bf\u03c1\u03b5\u03af \u03bd\u03b1 \u03b5\u03bb\u03ad\u03b3\u03c7\u03b5\u03b9 \u03c4\u03b7\u03bd \u03c5\u03b3\u03b5\u03af\u03b1 \u03c4\u03bf\u03c5. \u0397 \u03bc\u03ad\u03b8\u03bf\u03b4\u03bf\u03c2 \u03b1\u03bd\u03b1\u03c0\u03bd\u03bf\u03ae\u03c2 Buteyko \u03b5\u03af\u03bd\u03b1\u03b9 \u03b5\u03cd\u03ba\u03bf\u03bb\u03b7 \u03b5\u03c6\u03b1\u03c1\u03bc\u03cc\u03c3\u03b9\u03bc\u03b7 \u03c3\u03c4\u03b7\u03bd \u03ba\u03b1\u03b8\u03b7\u03bc\u03b5\u03c1\u03b9\u03bd\u03cc\u03c4\u03b7\u03c4\u03b1.\",\"breadcrumb\":{\"@id\":\"https:\\\/\\\/zoepnoebreathing.com\\\/dr-k-p-buteyko\\\/#breadcrumb\"},\"inLanguage\":\"de-DE\",\"potentialAction\":[{\"@type\":\"ReadAction\",\"target\":[\"https:\\\/\\\/zoepnoebreathing.com\\\/dr-k-p-buteyko\\\/\"]}]},{\"@type\":\"ImageObject\",\"inLanguage\":\"de-DE\",\"@id\":\"https:\\\/\\\/zoepnoebreathing.com\\\/dr-k-p-buteyko\\\/#primaryimage\",\"url\":\"https:\\\/\\\/zoepnoebreathing.com\\\/wp-content\\\/uploads\\\/2023\\\/05\\\/Buteyko-and-doctors.png\",\"contentUrl\":\"https:\\\/\\\/zoepnoebreathing.com\\\/wp-content\\\/uploads\\\/2023\\\/05\\\/Buteyko-and-doctors.png\"},{\"@type\":\"BreadcrumbList\",\"@id\":\"https:\\\/\\\/zoepnoebreathing.com\\\/dr-k-p-buteyko\\\/#breadcrumb\",\"itemListElement\":[{\"@type\":\"ListItem\",\"position\":1,\"name\":\"Home\",\"item\":\"https:\\\/\\\/zoepnoebreathing.com\\\/\"},{\"@type\":\"ListItem\",\"position\":2,\"name\":\"Dr.K.P.Buteyko\"}]},{\"@type\":\"WebSite\",\"@id\":\"http:\\\/\\\/zoepnoebreathing.com\\\/de\\\/#website\",\"url\":\"http:\\\/\\\/zoepnoebreathing.com\\\/de\\\/\",\"name\":\"Zoe Pnoe Breathing\",\"description\":\"Learn the way of Buteyko breathing\",\"publisher\":{\"@id\":\"http:\\\/\\\/zoepnoebreathing.com\\\/de\\\/#organization\"},\"potentialAction\":[{\"@type\":\"SearchAction\",\"target\":{\"@type\":\"EntryPoint\",\"urlTemplate\":\"http:\\\/\\\/zoepnoebreathing.com\\\/de\\\/?s={search_term_string}\"},\"query-input\":{\"@type\":\"PropertyValueSpecification\",\"valueRequired\":true,\"valueName\":\"search_term_string\"}}],\"inLanguage\":\"de-DE\"},{\"@type\":\"Organization\",\"@id\":\"http:\\\/\\\/zoepnoebreathing.com\\\/de\\\/#organization\",\"name\":\"Zoe pnoe breathing\",\"url\":\"http:\\\/\\\/zoepnoebreathing.com\\\/de\\\/\",\"logo\":{\"@type\":\"ImageObject\",\"inLanguage\":\"de-DE\",\"@id\":\"http:\\\/\\\/zoepnoebreathing.com\\\/de\\\/#\\\/schema\\\/logo\\\/image\\\/\",\"url\":\"https:\\\/\\\/zoepnoebreathing.com\\\/wp-content\\\/uploads\\\/2023\\\/03\\\/pnoe-zoe_logo-end-_-1-color_transparent.png\",\"contentUrl\":\"https:\\\/\\\/zoepnoebreathing.com\\\/wp-content\\\/uploads\\\/2023\\\/03\\\/pnoe-zoe_logo-end-_-1-color_transparent.png\",\"width\":510,\"height\":435,\"caption\":\"Zoe pnoe breathing\"},\"image\":{\"@id\":\"http:\\\/\\\/zoepnoebreathing.com\\\/de\\\/#\\\/schema\\\/logo\\\/image\\\/\"}}]}<\/script>\n<!-- \/ Yoast SEO plugin. -->","yoast_head_json":{"title":"Dr.K.P.Buteyko - Z\u00f6liakie","description":"Die Vorteile der richtigen Atmung f\u00fcr die menschliche Gesundheit sind vielf\u00e4ltig. Die Buteyko-Atmungsmethode bietet eine M\u00f6glichkeit f\u00fcr jeden Menschen, seine Gesundheit zu kontrollieren. Die Buteyko-Atmungsmethode ist im Alltag leicht anwendbar.","robots":{"index":"index","follow":"follow","max-snippet":"max-snippet:-1","max-image-preview":"max-image-preview:large","max-video-preview":"max-video-preview:-1"},"canonical":"https:\/\/zoepnoebreathing.com\/de\/dr-k-p-buteyko\/","og_locale":"de_DE","og_type":"article","og_title":"Dr.K.P.Buteyko - Zoepnoe","og_description":"\u03a4\u03b1 \u03bf\u03c6\u03ad\u03bb\u03b7 \u03c4\u03b7\u03c2 \u03c3\u03c9\u03c3\u03c4\u03ae\u03c2 \u03b1\u03bd\u03b1\u03c0\u03bd\u03bf\u03ae\u03c2 \u03b5\u03af\u03bd\u03b1\u03b9 \u03c0\u03bf\u03bb\u03bb\u03ac \u03b3\u03b9\u03b1 \u03c4\u03b7\u03bd \u03c5\u03b3\u03b5\u03af\u03b1 \u03c4\u03bf\u03c5 \u03b1\u03bd\u03b8\u03c1\u03ce\u03c0\u03bf\u03c5. \u0397 \u03bc\u03ad\u03b8\u03bf\u03b4\u03bf\u03c2 \u03b1\u03bd\u03b1\u03c0\u03bd\u03bf\u03ae\u03c2 Buteyko \u03c0\u03c1\u03bf\u03c3\u03c6\u03ad\u03c1\u03b5\u03b9 \u03c4\u03bf\u03bd \u03c4\u03c1\u03cc\u03c0\u03bf \u03bf \u03ba\u03ac\u03b8\u03b5 \u03ac\u03bd\u03b8\u03c1\u03c9\u03c0\u03bf\u03c2 \u03bd\u03b1 \u03bc\u03c0\u03bf\u03c1\u03b5\u03af \u03bd\u03b1 \u03b5\u03bb\u03ad\u03b3\u03c7\u03b5\u03b9 \u03c4\u03b7\u03bd \u03c5\u03b3\u03b5\u03af\u03b1 \u03c4\u03bf\u03c5. \u0397 \u03bc\u03ad\u03b8\u03bf\u03b4\u03bf\u03c2 \u03b1\u03bd\u03b1\u03c0\u03bd\u03bf\u03ae\u03c2 Buteyko \u03b5\u03af\u03bd\u03b1\u03b9 \u03b5\u03cd\u03ba\u03bf\u03bb\u03b7 \u03b5\u03c6\u03b1\u03c1\u03bc\u03cc\u03c3\u03b9\u03bc\u03b7 \u03c3\u03c4\u03b7\u03bd \u03ba\u03b1\u03b8\u03b7\u03bc\u03b5\u03c1\u03b9\u03bd\u03cc\u03c4\u03b7\u03c4\u03b1.","og_url":"https:\/\/zoepnoebreathing.com\/de\/dr-k-p-buteyko\/","og_site_name":"Zoepnoe","article_modified_time":"2024-08-06T12:25:05+00:00","og_image":[{"url":"https:\/\/zoepnoebreathing.com\/wp-content\/uploads\/2023\/05\/Buteyko-and-doctors.png","type":"","width":"","height":""}],"twitter_card":"summary_large_image","twitter_misc":{"Gesch\u00e4tzte Lesezeit":"1 minute"},"schema":{"@context":"https:\/\/schema.org","@graph":[{"@type":"WebPage","@id":"https:\/\/zoepnoebreathing.com\/dr-k-p-buteyko\/","url":"https:\/\/zoepnoebreathing.com\/dr-k-p-buteyko\/","name":"Dr.K.P.Buteyko - Z\u00f6liakie","isPartOf":{"@id":"http:\/\/zoepnoebreathing.com\/de\/#website"},"primaryImageOfPage":{"@id":"https:\/\/zoepnoebreathing.com\/dr-k-p-buteyko\/#primaryimage"},"image":{"@id":"https:\/\/zoepnoebreathing.com\/dr-k-p-buteyko\/#primaryimage"},"thumbnailUrl":"https:\/\/zoepnoebreathing.com\/wp-content\/uploads\/2023\/05\/Buteyko-and-doctors.png","datePublished":"2023-05-18T10:42:11+00:00","dateModified":"2024-08-06T12:25:05+00:00","description":"Die Vorteile der richtigen Atmung f\u00fcr die menschliche Gesundheit sind vielf\u00e4ltig. Die Buteyko-Atmungsmethode bietet eine M\u00f6glichkeit f\u00fcr jeden Menschen, seine Gesundheit zu kontrollieren. Die Buteyko-Atmungsmethode ist im Alltag leicht anwendbar.","breadcrumb":{"@id":"https:\/\/zoepnoebreathing.com\/dr-k-p-buteyko\/#breadcrumb"},"inLanguage":"de-DE","potentialAction":[{"@type":"ReadAction","target":["https:\/\/zoepnoebreathing.com\/dr-k-p-buteyko\/"]}]},{"@type":"ImageObject","inLanguage":"de-DE","@id":"https:\/\/zoepnoebreathing.com\/dr-k-p-buteyko\/#primaryimage","url":"https:\/\/zoepnoebreathing.com\/wp-content\/uploads\/2023\/05\/Buteyko-and-doctors.png","contentUrl":"https:\/\/zoepnoebreathing.com\/wp-content\/uploads\/2023\/05\/Buteyko-and-doctors.png"},{"@type":"BreadcrumbList","@id":"https:\/\/zoepnoebreathing.com\/dr-k-p-buteyko\/#breadcrumb","itemListElement":[{"@type":"ListItem","position":1,"name":"Home","item":"https:\/\/zoepnoebreathing.com\/"},{"@type":"ListItem","position":2,"name":"Dr.K.P.Buteyko"}]},{"@type":"WebSite","@id":"http:\/\/zoepnoebreathing.com\/de\/#website","url":"http:\/\/zoepnoebreathing.com\/de\/","name":"Zoe Pnoe Atmen","description":"Lernen Sie den Weg der Buteyko-Atmung","publisher":{"@id":"http:\/\/zoepnoebreathing.com\/de\/#organization"},"potentialAction":[{"@type":"SearchAction","target":{"@type":"EntryPoint","urlTemplate":"http:\/\/zoepnoebreathing.com\/de\/?s={search_term_string}"},"query-input":{"@type":"PropertyValueSpecification","valueRequired":true,"valueName":"search_term_string"}}],"inLanguage":"de-DE"},{"@type":"Organization","@id":"http:\/\/zoepnoebreathing.com\/de\/#organization","name":"Zoe pnoe atmet","url":"http:\/\/zoepnoebreathing.com\/de\/","logo":{"@type":"ImageObject","inLanguage":"de-DE","@id":"http:\/\/zoepnoebreathing.com\/de\/#\/schema\/logo\/image\/","url":"https:\/\/zoepnoebreathing.com\/wp-content\/uploads\/2023\/03\/pnoe-zoe_logo-end-_-1-color_transparent.png","contentUrl":"https:\/\/zoepnoebreathing.com\/wp-content\/uploads\/2023\/03\/pnoe-zoe_logo-end-_-1-color_transparent.png","width":510,"height":435,"caption":"Zoe pnoe breathing"},"image":{"@id":"http:\/\/zoepnoebreathing.com\/de\/#\/schema\/logo\/image\/"}}]}},"_links":{"self":[{"href":"http:\/\/zoepnoebreathing.com\/de\/wp-json\/wp\/v2\/pages\/1438","targetHints":{"allow":["GET"]}}],"collection":[{"href":"http:\/\/zoepnoebreathing.com\/de\/wp-json\/wp\/v2\/pages"}],"about":[{"href":"http:\/\/zoepnoebreathing.com\/de\/wp-json\/wp\/v2\/types\/page"}],"author":[{"embeddable":true,"href":"http:\/\/zoepnoebreathing.com\/de\/wp-json\/wp\/v2\/users\/1"}],"replies":[{"embeddable":true,"href":"http:\/\/zoepnoebreathing.com\/de\/wp-json\/wp\/v2\/comments?post=1438"}],"version-history":[{"count":5,"href":"http:\/\/zoepnoebreathing.com\/de\/wp-json\/wp\/v2\/pages\/1438\/revisions"}],"predecessor-version":[{"id":3068,"href":"http:\/\/zoepnoebreathing.com\/de\/wp-json\/wp\/v2\/pages\/1438\/revisions\/3068"}],"wp:attachment":[{"href":"http:\/\/zoepnoebreathing.com\/de\/wp-json\/wp\/v2\/media?parent=1438"}],"curies":[{"name":"wp","href":"https:\/\/api.w.org\/{rel}","templated":true}]}}